{"id":970,"date":"2018-11-01T21:43:54","date_gmt":"2018-11-01T21:43:54","guid":{"rendered":"https:\/\/www.digitaltrees.org\/?page_id=970"},"modified":"2019-05-22T17:47:41","modified_gmt":"2019-05-22T17:47:41","slug":"matchmaking_online","status":"publish","type":"page","link":"https:\/\/www.digitaltrees.org\/index.php\/matchmaking_online\/","title":{"rendered":"MATCHMAKING &#8211; ONLINE"},"content":{"rendered":"<h2>Porque atender ao Evento, ou Contratar a Plataforma Online de Matchmaking da Digital Trees:<\/h2>\n<p>Na era da globalizacao e ruptura digital, as empresas buscam cada vez mais ferramentas de tecnologia. Exatamente por que enfrentam cada vez mais press\u00e3o para melhorar o tempo de resposta aos clientes e garantir que suas ofertas sejam as melhores do setor. Na busca incansavel de clientes, parceiros e fornecedores de qualisdade, as empresas necessitam estar conectadas de forma estrategica. E para atender e entender os clientes de forma eficaz, eles precisam estar anteados a dinamica dos mercados.<\/p>\n<p>Parceiros de qualidade e clientes potenciais, est\u00e3o espalhados por todo o mundo. Como conecta-los de forma presencial, exige-se grandes logisticas e altos custos envolvidos. Assim sendo, a Digital Trees oferece uma solu\u00e7\u00e3o simples, pratica, f\u00e1cil, r\u00e1pida e barata para conectar parceiros, investidores e clientes ONLINE.<\/p>\n<p>A Digital Trees desenvolveu uma estrategia inovadora para encontros continuos em ambientes de eventos e negocios. Nossa ferramenta possibilita voce e sua empresa desenvolverem e participarem de eventos globais, mas nunca se desconectando dos participantes apos o termino do evento ou reuniao.<\/p>\n<p>Partcipe dos eventos Digital Trees e de nossos parceiros e continue conectado com o mundo dos negocios de forma integral.<\/p>\n<p>Assista nosso video de apresentacao:<\/p>\n<p><iframe loading=\"lazy\" width=\"1200\" height=\"675\" src=\"https:\/\/www.youtube.com\/embed\/oXdUb862uyw?feature=oembed\" frameborder=\"0\" allow=\"accelerometer; autoplay; encrypted-media; gyroscope; picture-in-picture\" allowfullscreen><\/iframe><\/p>\n","protected":false},"excerpt":{"rendered":"<p>Porque atender ao Evento, ou Contratar a Plataforma Online de Matchmaking da Digital Trees: Na era da globalizacao e ruptura digital, as empresas buscam cada vez<span class=\"excerpt-hellip\"> [\u2026]<\/span><\/p>\n","protected":false},"author":1,"featured_media":0,"parent":0,"menu_order":0,"comment_status":"closed","ping_status":"closed","template":"","meta":[],"_links":{"self":[{"href":"https:\/\/www.digitaltrees.org\/index.php\/wp-json\/wp\/v2\/pages\/970"}],"collection":[{"href":"https:\/\/www.digitaltrees.org\/index.php\/wp-json\/wp\/v2\/pages"}],"about":[{"href":"https:\/\/www.digitaltrees.org\/index.php\/wp-json\/wp\/v2\/types\/page"}],"author":[{"embeddable":true,"href":"https:\/\/www.digitaltrees.org\/index.php\/wp-json\/wp\/v2\/users\/1"}],"replies":[{"embeddable":true,"href":"https:\/\/www.digitaltrees.org\/index.php\/wp-json\/wp\/v2\/comments?post=970"}],"version-history":[{"count":7,"href":"https:\/\/www.digitaltrees.org\/index.php\/wp-json\/wp\/v2\/pages\/970\/revisions"}],"predecessor-version":[{"id":1132,"href":"https:\/\/www.digitaltrees.org\/index.php\/wp-json\/wp\/v2\/pages\/970\/revisions\/1132"}],"wp:attachment":[{"href":"https:\/\/www.digitaltrees.org\/index.php\/wp-json\/wp\/v2\/media?parent=970"}],"curies":[{"name":"wp","href":"https:\/\/api.w.org\/{rel}","templated":true}]}}