{"id":967,"date":"2018-11-01T18:37:33","date_gmt":"2018-11-01T18:37:33","guid":{"rendered":"https:\/\/www.digitaltrees.org\/?page_id=967"},"modified":"2018-11-01T21:33:34","modified_gmt":"2018-11-01T21:33:34","slug":"consultoria","status":"publish","type":"page","link":"https:\/\/www.digitaltrees.org\/index.php\/consultoria\/","title":{"rendered":"CONSULTORIA"},"content":{"rendered":"<p><img loading=\"lazy\" class=\"alignnone size-full wp-image-28\" src=\"https:\/\/www.digitaltrees.org\/wp-content\/uploads\/2017\/04\/home_elearning_icon1.png\" alt=\"\" width=\"90\" height=\"90\" srcset=\"https:\/\/www.digitaltrees.org\/wp-content\/uploads\/2017\/04\/home_elearning_icon1.png 90w, https:\/\/www.digitaltrees.org\/wp-content\/uploads\/2017\/04\/home_elearning_icon1-50x50.png 50w, https:\/\/www.digitaltrees.org\/wp-content\/uploads\/2017\/04\/home_elearning_icon1-75x75.png 75w, https:\/\/www.digitaltrees.org\/wp-content\/uploads\/2017\/04\/home_elearning_icon1-85x85.png 85w, https:\/\/www.digitaltrees.org\/wp-content\/uploads\/2017\/04\/home_elearning_icon1-80x80.png 80w\" sizes=\"(max-width: 90px) 100vw, 90px\" \/><\/p>\n<h3>Consultorias<\/h3>\n<p align=\"justify\">Estudo de Mercados tecnol\u00f3gicos e An\u00e1lise de Tend\u00eancias no eixo Brasil &#8211; Portugal.<\/p>\n<p align=\"justify\">Suporte ao desenvolvimento de franquias e capta\u00e7\u00e3o de canais de venda para os seus produtos e servi\u00e7os.<\/p>\n<p align=\"justify\"><img loading=\"lazy\" class=\"alignnone size-full wp-image-90\" src=\"https:\/\/www.digitaltrees.org\/wp-content\/uploads\/2017\/04\/home_elearning_icon5.png\" alt=\"\" width=\"90\" height=\"90\" srcset=\"https:\/\/www.digitaltrees.org\/wp-content\/uploads\/2017\/04\/home_elearning_icon5.png 90w, https:\/\/www.digitaltrees.org\/wp-content\/uploads\/2017\/04\/home_elearning_icon5-50x50.png 50w, https:\/\/www.digitaltrees.org\/wp-content\/uploads\/2017\/04\/home_elearning_icon5-75x75.png 75w, https:\/\/www.digitaltrees.org\/wp-content\/uploads\/2017\/04\/home_elearning_icon5-85x85.png 85w, https:\/\/www.digitaltrees.org\/wp-content\/uploads\/2017\/04\/home_elearning_icon5-80x80.png 80w\" sizes=\"(max-width: 90px) 100vw, 90px\" \/><\/p>\n<h3>Acesso a Mercados<\/h3>\n<p align=\"justify\">Mapeamos e realizamos a aproxima\u00e7\u00e3o junto aos clientes e fornecedores, identificados como estrat\u00e9gicos, para a realiza\u00e7\u00e3o de neg\u00f3cios no segmento e mercado proposto.<\/p>\n<p align=\"justify\"><img loading=\"lazy\" class=\"alignnone size-full wp-image-193\" src=\"https:\/\/www.digitaltrees.org\/wp-content\/uploads\/2017\/04\/rede.png\" alt=\"\" width=\"90\" height=\"90\" srcset=\"https:\/\/www.digitaltrees.org\/wp-content\/uploads\/2017\/04\/rede.png 90w, https:\/\/www.digitaltrees.org\/wp-content\/uploads\/2017\/04\/rede-50x50.png 50w, https:\/\/www.digitaltrees.org\/wp-content\/uploads\/2017\/04\/rede-75x75.png 75w, https:\/\/www.digitaltrees.org\/wp-content\/uploads\/2017\/04\/rede-85x85.png 85w, https:\/\/www.digitaltrees.org\/wp-content\/uploads\/2017\/04\/rede-80x80.png 80w\" sizes=\"(max-width: 90px) 100vw, 90px\" \/><\/p>\n<h3>Acesso a Redes e Comunidades<\/h3>\n<p align=\"justify\">Desenvolvemos a\u00e7\u00f5es de mobiliza\u00e7\u00e3o e articula\u00e7\u00e3o junto a nossa networking global, com o fim de encontrar os parceiros adequados e atingir as metas propostas em projetos de cunho sociais.<\/p>\n","protected":false},"excerpt":{"rendered":"<p>Consultorias Estudo de Mercados tecnol\u00f3gicos e An\u00e1lise de Tend\u00eancias no eixo Brasil &#8211; Portugal. Suporte ao desenvolvimento de franquias e capta\u00e7\u00e3o de canais de venda para<span class=\"excerpt-hellip\"> [\u2026]<\/span><\/p>\n","protected":false},"author":1,"featured_media":0,"parent":0,"menu_order":0,"comment_status":"closed","ping_status":"closed","template":"","meta":[],"_links":{"self":[{"href":"https:\/\/www.digitaltrees.org\/index.php\/wp-json\/wp\/v2\/pages\/967"}],"collection":[{"href":"https:\/\/www.digitaltrees.org\/index.php\/wp-json\/wp\/v2\/pages"}],"about":[{"href":"https:\/\/www.digitaltrees.org\/index.php\/wp-json\/wp\/v2\/types\/page"}],"author":[{"embeddable":true,"href":"https:\/\/www.digitaltrees.org\/index.php\/wp-json\/wp\/v2\/users\/1"}],"replies":[{"embeddable":true,"href":"https:\/\/www.digitaltrees.org\/index.php\/wp-json\/wp\/v2\/comments?post=967"}],"version-history":[{"count":1,"href":"https:\/\/www.digitaltrees.org\/index.php\/wp-json\/wp\/v2\/pages\/967\/revisions"}],"predecessor-version":[{"id":968,"href":"https:\/\/www.digitaltrees.org\/index.php\/wp-json\/wp\/v2\/pages\/967\/revisions\/968"}],"wp:attachment":[{"href":"https:\/\/www.digitaltrees.org\/index.php\/wp-json\/wp\/v2\/media?parent=967"}],"curies":[{"name":"wp","href":"https:\/\/api.w.org\/{rel}","templated":true}]}}