{"id":753,"date":"2018-08-30T17:31:54","date_gmt":"2018-08-30T17:31:54","guid":{"rendered":"https:\/\/www.digitaltrees.org\/?page_id=753"},"modified":"2018-08-30T17:31:54","modified_gmt":"2018-08-30T17:31:54","slug":"sitemap","status":"publish","type":"page","link":"https:\/\/www.digitaltrees.org\/index.php\/sitemap\/","title":{"rendered":"Sitemap"},"content":{"rendered":"<p style=\"text-align: center;\"><ul id=\"utilityNav\"><\/ul><ul id=\"primaryNav\" class=\"col8\"><li id=\"home\"><a href=\"https:\/\/www.digitaltrees.org\">Digital Trees - Inova\u00e7\u00e3o, Educa\u00e7\u00e3o &amp; Tecnologia<\/a><\/li><li id=\"menu-item-157\" class=\"menu-item-157\"><a href=\"https:\/\/www.digitaltrees.org\/\">HOME<\/a><\/li>\n<li id=\"menu-item-160\" class=\"menu-item-160\"><a href=\"https:\/\/www.digitaltrees.org\/index.php\/sobre-nos\/\">SOBRE NOS<\/a><\/li>\n<li id=\"menu-item-1025\" class=\"menu-item-1025\"><a href=\"https:\/\/www.digitaltrees.org\/index.php\/eventos\/\">EVENTOS<\/a>\n<ul class=\"sub-menu\">\n\t<li id=\"menu-item-1049\" class=\"menu-item-1049\"><a href=\"https:\/\/www.digitaltrees.org\/index.php\/online-matchmaking\/\">MTECH ONLINE<\/a>\n\t<ul class=\"sub-menu\">\n\t\t<li id=\"menu-item-1283\" class=\"menu-item-1283\"><a href=\"https:\/\/www.digitaltrees.org\/index.php\/forum-do-hub-iberoamericano-aeroespacial\/\">F\u00f3rum do  Hub Iberoamericano Aeroespacial<\/a><\/li>\n\t\t<li id=\"menu-item-1053\" class=\"menu-item-1053\"><a href=\"https:\/\/www.digitaltrees.org\/index.php\/1st-business-meeting-2019\/\">BUSINESS MEETING<\/a><\/li>\n\t\t<li id=\"menu-item-1141\" class=\"menu-item-1141\"><a href=\"https:\/\/www.digitaltrees.org\/index.php\/https-mtech-digitaltrees-org-register\/\">FIE &#8211; F\u00f3rum de Internacionaliza\u00e7\u00e3o de Empresas<\/a><\/li>\n\t<\/ul>\n<\/li>\n\t<li id=\"menu-item-224\" class=\"menu-item-224\"><a href=\"https:\/\/www.digitaltrees.org\/index.php\/programa-mtech\/\">MTECH LIVE<\/a>\n\t<ul class=\"sub-menu\">\n\t\t<li id=\"menu-item-1331\" class=\"menu-item-1331\"><a href=\"https:\/\/www.digitaltrees.org\/index.php\/mtech-live-2020\/\">MTech Live 2020<\/a>\n\t\t<ul class=\"sub-menu\">\n\t\t\t<li id=\"menu-item-1330\" class=\"menu-item-1330\"><a href=\"https:\/\/www.digitaltrees.org\/index.php\/brazilian-connection-2020-2\/\">Brazilian Connection 2020<\/a><\/li>\n\t\t<\/ul>\n<\/li>\n\t\t<li id=\"menu-item-1115\" class=\"menu-item-1115\"><a href=\"https:\/\/www.digitaltrees.org\/index.php\/mtech-2019\/\">MTECH 2019<\/a>\n\t\t<ul class=\"sub-menu\">\n\t\t\t<li id=\"menu-item-1264\" class=\"menu-item-1264\"><a href=\"https:\/\/www.digitaltrees.org\/index.php\/websummit-on-the-road-call-for-action\/\">WebSummit On The Road \u2013 Call for Action<\/a><\/li>\n\t\t\t<li id=\"menu-item-1263\" class=\"menu-item-1263\"><a href=\"https:\/\/www.digitaltrees.org\/index.php\/1244-2\/\">LISBON TECH \u2013 Miss\u00e3o Portugal<\/a><\/li>\n\t\t\t<li id=\"menu-item-1294\" class=\"menu-item-1294\"><a href=\"https:\/\/www.digitaltrees.org\/index.php\/brazilian-connection\/\">Brazilian Connection<\/a><\/li>\n\t\t\t<li id=\"menu-item-1262\" class=\"menu-item-1262\"><a href=\"https:\/\/www.digitaltrees.org\/index.php\/caravana-north-tech-coimbra-e-porto\/\">Caravana North Tech \u2013 Coimbra e Porto<\/a><\/li>\n\t\t\t<li id=\"menu-item-1261\" class=\"menu-item-1261\"><a href=\"https:\/\/www.digitaltrees.org\/index.php\/5o-congresso-latino-americano-de-tecnologia-e-negocios\/\">5\u00ba Congresso Latino-Americano de Tecnologia e Neg\u00f3cios<\/a><\/li>\n\t\t\t<li id=\"menu-item-1122\" class=\"menu-item-1122\"><a href=\"https:\/\/www.digitaltrees.org\/index.php\/7o-forum-de-internacionalizacao-de-empresas\/\">F\u00f3rum de Internacionaliza\u00e7\u00e3o de Empresas<\/a><\/li>\n\t\t\t<li id=\"menu-item-1075\" class=\"menu-item-1075\"><a href=\"https:\/\/www.digitaltrees.org\/index.php\/1069-2\/\">Prote\u00e7\u00e3o de Dados<\/a>\n\t\t\t<ul class=\"sub-menu\">\n\t\t\t\t<li id=\"menu-item-1090\" class=\"menu-item-1090\"><a href=\"https:\/\/www.digitaltrees.org\/index.php\/evento-sp-10-04\/\">Evento SP \u2013 10\/04<\/a><\/li>\n\t\t\t\t<li id=\"menu-item-1089\" class=\"menu-item-1089\"><a href=\"https:\/\/www.digitaltrees.org\/index.php\/evento-rj-12-04\/\">Evento RJ \u2013 12\/04<\/a><\/li>\n\t\t\t<\/ul>\n<\/li>\n\t\t<\/ul>\n<\/li>\n\t\t<li id=\"menu-item-216\" class=\"menu-item-216\"><a href=\"https:\/\/www.digitaltrees.org\/index.php\/mtech-2018\/\">MTECH 2018<\/a>\n\t\t<ul class=\"sub-menu\">\n\t\t\t<li id=\"menu-item-291\" class=\"menu-item-291\"><a href=\"https:\/\/www.digitaltrees.org\/index.php\/agenda_2018\/\">AGENDA<\/a><\/li>\n\t\t\t<li id=\"menu-item-288\" class=\"menu-item-288\"><a href=\"https:\/\/www.digitaltrees.org\/index.php\/lisbon_tech\/\">LISBON TECH<\/a><\/li>\n\t\t\t<li id=\"menu-item-296\" class=\"menu-item-296\"><a href=\"https:\/\/www.digitaltrees.org\/index.php\/caravana-tecnologica\/\">CARAVANA TECH<\/a><\/li>\n\t\t\t<li id=\"menu-item-338\" class=\"menu-item-338\"><a href=\"https:\/\/www.digitaltrees.org\/index.php\/investimento\/\">INVESTIMENTO<\/a>\n\t\t\t<ul class=\"sub-menu\">\n\t\t\t\t<li id=\"menu-item-459\" class=\"menu-item-459\"><a href=\"https:\/\/www.digitaltrees.org\/index.php\/empresasacademiasinstituicoes\/\">STANDARD<\/a><\/li>\n\t\t\t\t<li id=\"menu-item-460\" class=\"menu-item-460\"><a href=\"https:\/\/www.digitaltrees.org\/index.php\/startup\/\">STARTUP<\/a><\/li>\n\t\t\t\t<li id=\"menu-item-457\" class=\"menu-item-457\"><a href=\"https:\/\/www.digitaltrees.org\/index.php\/membros-de-associacoes\/\">MEMBROS DE ASSOCIACOES<\/a><\/li>\n\t\t\t\t<li id=\"menu-item-458\" class=\"menu-item-458\"><a href=\"https:\/\/www.digitaltrees.org\/index.php\/participantes-mtech-2017\/\">MEMBROS 2017<\/a><\/li>\n\t\t\t\t<li id=\"menu-item-820\" class=\"menu-item-820\"><a href=\"https:\/\/www.digitaltrees.org\/index.php\/procurement\/\">PROCUREMENT<\/a><\/li>\n\t\t\t\t<li id=\"menu-item-1012\" class=\"menu-item-1012\"><a href=\"https:\/\/www.digitaltrees.org\/index.php\/agenda-especifica\/\">AGENDA ESPECIFICA<\/a><\/li>\n\t\t\t<\/ul>\n<\/li>\n\t\t\t<li id=\"menu-item-420\" class=\"menu-item-420\"><a href=\"https:\/\/www.digitaltrees.org\/index.php\/termos-e-condicoes\/\">TERMOS E CONDICOES<\/a><\/li>\n\t\t\t<li id=\"menu-item-343\" class=\"menu-item-343\"><a href=\"https:\/\/www.digitaltrees.org\/index.php\/inscricao\/\">INSCRICAO<\/a><\/li>\n\t\t<\/ul>\n<\/li>\n\t\t<li id=\"menu-item-374\" class=\"menu-item-374\"><a href=\"https:\/\/www.digitaltrees.org\/index.php\/mtech-2017\/\">MTECH 2017<\/a>\n\t\t<ul class=\"sub-menu\">\n\t\t\t<li id=\"menu-item-223\" class=\"menu-item-223\"><a href=\"https:\/\/www.digitaltrees.org\/index.php\/agenda_2017\/\">AGENDA<\/a><\/li>\n\t\t\t<li id=\"menu-item-235\" class=\"menu-item-235\"><a href=\"https:\/\/www.digitaltrees.org\/index.php\/tics-portugal\/\">INFO &#038; NEWS<\/a><\/li>\n\t\t\t<li id=\"menu-item-375\" class=\"menu-item-375\"><a href=\"https:\/\/www.digitaltrees.org\/index.php\/objetivos\/\">OBJETIVOS<\/a><\/li>\n\t\t\t<li id=\"menu-item-377\" class=\"menu-item-377\"><a href=\"https:\/\/www.digitaltrees.org\/index.php\/fotos\/\">HISTORICO<\/a><\/li>\n\t\t<\/ul>\n<\/li>\n\t<\/ul>\n<\/li>\n<\/ul>\n<\/li>\n<li id=\"menu-item-161\" class=\"menu-item-161\"><a href=\"https:\/\/www.digitaltrees.org\/index.php\/nossos-servicos\/\">NOSSOS SERVI\u00c7OS<\/a>\n<ul class=\"sub-menu\">\n\t<li id=\"menu-item-1227\" class=\"menu-item-1227\"><a href=\"https:\/\/www.digitaltrees.org\/index.php\/curadoria-em-missao-internacional\/\">CURADORIA EM MISS\u00c3O INTERNACIONAL<\/a><\/li>\n\t<li id=\"menu-item-349\" class=\"menu-item-349\"><a href=\"https:\/\/www.digitaltrees.org\/index.php\/plataforma-digital-matchmaking-b2b\/\">PLATAFORMA DIGITAL<\/a>\n\t<ul class=\"sub-menu\">\n\t\t<li id=\"menu-item-983\" class=\"menu-item-983\"><a href=\"https:\/\/www.digitaltrees.org\/index.php\/comunidade-b2b\/\">MTECH \u2013 COMUNIDADE B2B<\/a><\/li>\n\t\t<li id=\"menu-item-973\" class=\"menu-item-973\"><a href=\"https:\/\/www.digitaltrees.org\/index.php\/matchmaking_online\/\">MATCHMAKING \u2013 ONLINE<\/a><\/li>\n\t\t<li id=\"menu-item-980\" class=\"menu-item-980\"><a href=\"https:\/\/www.digitaltrees.org\/index.php\/matchmaking-live\/\">MATCHMAKING \u2013 LIVE<\/a><\/li>\n\t\t<li id=\"menu-item-1004\" class=\"menu-item-1004\"><a href=\"https:\/\/www.digitaltrees.org\/index.php\/qa-termos-de-uso-e-privacidade\/\">Q&#038;A, Termos de Uso e Privacidade<\/a><\/li>\n\t\t<li id=\"menu-item-1005\" class=\"menu-item-1005\"><a href=\"https:\/\/www.digitaltrees.org\/index.php\/termos-e-condicoes-2\/\">Termos e Condicoes<\/a><\/li>\n\t<\/ul>\n<\/li>\n\t<li id=\"menu-item-342\" class=\"menu-item-342\"><a href=\"https:\/\/www.digitaltrees.org\/index.php\/projeto-3i\/\">PROJETO 3i<\/a><\/li>\n\t<li id=\"menu-item-969\" class=\"menu-item-969\"><a href=\"https:\/\/www.digitaltrees.org\/index.php\/consultoria\/\">CONSULTORIA<\/a><\/li>\n<\/ul>\n<\/li>\n<li id=\"menu-item-242\" class=\"menu-item-242\"><a href=\"https:\/\/www.digitaltrees.org\/index.php\/connect\/\">CONNECT<\/a><\/li>\n<li id=\"menu-item-158\" class=\"menu-item-158\"><a href=\"https:\/\/www.digitaltrees.org\/index.php\/contato\/\">CONTATO<\/a><\/li>\n<li id=\"menu-item-722\" class=\"menu-item-722\"><a href=\"https:\/\/www.digitaltrees.org\/index.php\/blog\/\">BLOG<\/a><\/li>\n<li id=\"menu-item-757\" class=\"menu-item-757\"><a href=\"https:\/\/www.digitaltrees.org\/index.php\/sitemap\/\">SITEMAP<\/a><\/li>\n<\/ul><\/p>\n<p>&nbsp;<\/p>\n<p>&nbsp;<\/p>\n","protected":false},"excerpt":{"rendered":"<p>&nbsp; &nbsp;<\/p>\n","protected":false},"author":1,"featured_media":0,"parent":0,"menu_order":0,"comment_status":"closed","ping_status":"closed","template":"","meta":[],"_links":{"self":[{"href":"https:\/\/www.digitaltrees.org\/index.php\/wp-json\/wp\/v2\/pages\/753"}],"collection":[{"href":"https:\/\/www.digitaltrees.org\/index.php\/wp-json\/wp\/v2\/pages"}],"about":[{"href":"https:\/\/www.digitaltrees.org\/index.php\/wp-json\/wp\/v2\/types\/page"}],"author":[{"embeddable":true,"href":"https:\/\/www.digitaltrees.org\/index.php\/wp-json\/wp\/v2\/users\/1"}],"replies":[{"embeddable":true,"href":"https:\/\/www.digitaltrees.org\/index.php\/wp-json\/wp\/v2\/comments?post=753"}],"version-history":[{"count":3,"href":"https:\/\/www.digitaltrees.org\/index.php\/wp-json\/wp\/v2\/pages\/753\/revisions"}],"predecessor-version":[{"id":756,"href":"https:\/\/www.digitaltrees.org\/index.php\/wp-json\/wp\/v2\/pages\/753\/revisions\/756"}],"wp:attachment":[{"href":"https:\/\/www.digitaltrees.org\/index.php\/wp-json\/wp\/v2\/media?parent=753"}],"curies":[{"name":"wp","href":"https:\/\/api.w.org\/{rel}","templated":true}]}}