{"id":369,"date":"2018-07-03T16:57:03","date_gmt":"2018-07-03T16:57:03","guid":{"rendered":"https:\/\/www.digitaltrees.org\/?page_id=369"},"modified":"2018-07-03T16:57:03","modified_gmt":"2018-07-03T16:57:03","slug":"objetivos","status":"publish","type":"page","link":"https:\/\/www.digitaltrees.org\/index.php\/objetivos\/","title":{"rendered":"OBJETIVOS"},"content":{"rendered":"<div class=\"section-wrapper cf\">\n<div class=\"section-wrapper-content cf\">\n<section class=\"section default-01 design-01 section-white\">\n<div class=\"section-inner\">\n<div class=\"content cf wnd-no-cols\">\n<div>\n<div id=\"wnd_ImageBlock_28691\" class=\"image-block image-default block design-01 wnd-orientation-landscape wnd-type-image\">\n<div class=\"image-content cf\"><img class=\"aligncenter\" src=\"https:\/\/digital-trees.webnode.com\/_files\/200000057-dc5cbdd56f\/450\/Banner%20Mtech%20pequeno.png\" alt=\"\" \/><\/div>\n<div class=\"image-title\"><\/div>\n<\/div>\n<div class=\"text cf design-01\">\n<div class=\"text-content cf\">\n<h2 class=\"wnd-align-center\" style=\"text-align: center;\"><span class=\"wsw-33\"><b>Objetivos<\/b><\/span><\/h2>\n<p>O prop\u00f3sito desta miss\u00e3o, foi a de permitir aos integrantes da delega\u00e7\u00e3o brasileira, um conhecimento e aproxima\u00e7\u00e3o maior com o mercado TIC e de P&amp;D+I em Portugal. Suas demandas, fornecedores locais para o desenvolvimento de parcerias, linhas de pesquisas, ecossistema de inova\u00e7\u00e3o,\u00a0<i>scaleups\u00a0<\/i>&amp; empreendedorismo, alian\u00e7as acad\u00eamicas junto a universidades e escolas, incubadoras &amp;\u00a0<i>startups<\/i>\u00a0<i>centers<\/i>, iniciativas de tecnologias sociais e sustent\u00e1veis, informa\u00e7\u00f5es sobre fundos dispon\u00edveis e acesso a investidores, jur\u00eddicas, tribut\u00e1rias, laborais, imobili\u00e1rias, conv\u00eanios bilaterais existentes, assim como conv\u00eanios entre Portugal e outros pa\u00edses, al\u00e9m de informa\u00e7\u00f5es setoriais no mercado tecnol\u00f3gico, atrav\u00e9s de uma din\u00e2mica colaborativa e compartilhada.<\/p>\n<p>As atividades ocorreram em 2 etapas, sendo a 1\u00aa com foco em\u00a0<i>Matchmaking<\/i>, Intelig\u00eancia, Informa\u00e7\u00f5es &amp;\u00a0<i>Networking<\/i>, durante o marco do evento Websummit 2017 em Lisboa, contando com um perfil mais corporativo.<\/p>\n<p>A 2\u00aa etapa ocorreu no formato de uma Caravana Tecnol\u00f3gica em regi\u00f5es de Portugal intensas em tecnologia, com o objetivo de desenvolver acordos de Coopera\u00e7\u00e3o T\u00e9cnica e Neg\u00f3cios, onde contou com um perfil mais acad\u00eamico e institucional, com integrantes previamente selecionados.<\/p>\n<p>Para cumprir este objetivo, a organiza\u00e7\u00e3o da MTECH Portugal 2017, desenvolveu em conjunto com seus diversos parceiros, uma agenda que permitiu atender aos anseios de cada integrante da delega\u00e7\u00e3o, buscando preencher todas as demandadas, atrav\u00e9s de agendas diversas, segmentadas e regionais, onde um\u00a0<i>matchmaking\u00a0<\/i>pr\u00e9vio foi realizado individualmente atrav\u00e9s de uma reuni\u00e3o remota. Algumas empresas\u00a0 tamb\u00e9m puderam participar de forma n\u00e3o presencial em parte da miss\u00e3o.<\/p>\n<p>A organiza\u00e7\u00e3o tamb\u00e9m criou momentos de integra\u00e7\u00e3o com outras delega\u00e7\u00f5es brasileiras, no sentido de potencializar ao m\u00e1ximo o volume de oportunidades, informa\u00e7\u00f5es e capacidade de\u00a0<i>networking.<\/i><\/p>\n<p>Devido ao fato de que o Websummit trata-se da maior confer\u00eancia tecnol\u00f3gica da Uni\u00e3o Europeia e com relev\u00e2ncia global, possibilitou-se a gera\u00e7\u00e3o de oportunidades com institui\u00e7\u00f5es de outros pa\u00edses para alguns dos participante.<\/p>\n<\/div>\n<\/div>\n<div id=\"wnd_ImageBlock_60464\" class=\"image-block image-default block design-01 wnd-orientation-landscape wnd-type-image\">\n<div class=\"image-content cf\"><img class=\"aligncenter\" src=\"https:\/\/digital-trees.webnode.com\/_files\/200000021-c2b43c3d59\/200\/Logo%20Mtec3-6.JPG\" alt=\"\" \/><\/div>\n<div class=\"image-title\"><\/div>\n<\/div>\n<\/div>\n<\/div>\n<\/div>\n<\/section>\n<\/div>\n<\/div>\n<footer id=\"footer\">\n<div class=\"section-wrapper cf\">\n<div class=\"section-wrapper-content cf\">\n<div class=\"section footer-01 design-03 section-gray\">\n<div class=\"section-bg\"><\/div>\n<div class=\"footer-line\">\n<div class=\"section-inner\">\n<div class=\"footer-texts\"><\/div>\n<div class=\"back-to-top\" style=\"text-align: center;\"><\/div>\n<\/div>\n<\/div>\n<\/div>\n<\/div>\n<\/div>\n<\/footer>\n","protected":false},"excerpt":{"rendered":"<p>Objetivos O prop\u00f3sito desta miss\u00e3o, foi a de permitir aos integrantes da delega\u00e7\u00e3o brasileira, um conhecimento e aproxima\u00e7\u00e3o maior com o mercado TIC e de P&amp;D+I<span class=\"excerpt-hellip\"> [\u2026]<\/span><\/p>\n","protected":false},"author":1,"featured_media":0,"parent":0,"menu_order":0,"comment_status":"closed","ping_status":"closed","template":"","meta":[],"_links":{"self":[{"href":"https:\/\/www.digitaltrees.org\/index.php\/wp-json\/wp\/v2\/pages\/369"}],"collection":[{"href":"https:\/\/www.digitaltrees.org\/index.php\/wp-json\/wp\/v2\/pages"}],"about":[{"href":"https:\/\/www.digitaltrees.org\/index.php\/wp-json\/wp\/v2\/types\/page"}],"author":[{"embeddable":true,"href":"https:\/\/www.digitaltrees.org\/index.php\/wp-json\/wp\/v2\/users\/1"}],"replies":[{"embeddable":true,"href":"https:\/\/www.digitaltrees.org\/index.php\/wp-json\/wp\/v2\/comments?post=369"}],"version-history":[{"count":1,"href":"https:\/\/www.digitaltrees.org\/index.php\/wp-json\/wp\/v2\/pages\/369\/revisions"}],"predecessor-version":[{"id":370,"href":"https:\/\/www.digitaltrees.org\/index.php\/wp-json\/wp\/v2\/pages\/369\/revisions\/370"}],"wp:attachment":[{"href":"https:\/\/www.digitaltrees.org\/index.php\/wp-json\/wp\/v2\/media?parent=369"}],"curies":[{"name":"wp","href":"https:\/\/api.w.org\/{rel}","templated":true}]}}