{"id":1328,"date":"2020-12-03T11:17:29","date_gmt":"2020-12-03T11:17:29","guid":{"rendered":"https:\/\/www.digitaltrees.org\/?page_id=1328"},"modified":"2020-12-10T20:56:07","modified_gmt":"2020-12-10T20:56:07","slug":"brazilian-connection-2020-2","status":"publish","type":"page","link":"https:\/\/www.digitaltrees.org\/index.php\/brazilian-connection-2020-2\/","title":{"rendered":"Brazilian Connection 2020"},"content":{"rendered":"\n<p><\/p>\n\n\n\n<p><a href=\"https:\/\/youtu.be\/rrt0bNPg_nI\"><img loading=\"lazy\" width=\"1498\" height=\"730\" class=\"wp-image-1322\" style=\"width: 1500px;\" src=\"https:\/\/www.digitaltrees.org\/wp-content\/uploads\/2020\/12\/Brazilian-connection-2020.jpeg\" alt=\"\" srcset=\"https:\/\/www.digitaltrees.org\/wp-content\/uploads\/2020\/12\/Brazilian-connection-2020.jpeg 1498w, https:\/\/www.digitaltrees.org\/wp-content\/uploads\/2020\/12\/Brazilian-connection-2020-300x146.jpeg 300w, https:\/\/www.digitaltrees.org\/wp-content\/uploads\/2020\/12\/Brazilian-connection-2020-1024x499.jpeg 1024w, https:\/\/www.digitaltrees.org\/wp-content\/uploads\/2020\/12\/Brazilian-connection-2020-768x374.jpeg 768w, https:\/\/www.digitaltrees.org\/wp-content\/uploads\/2020\/12\/Brazilian-connection-2020-260x127.jpeg 260w, https:\/\/www.digitaltrees.org\/wp-content\/uploads\/2020\/12\/Brazilian-connection-2020-50x24.jpeg 50w, https:\/\/www.digitaltrees.org\/wp-content\/uploads\/2020\/12\/Brazilian-connection-2020-150x73.jpeg 150w\" sizes=\"(max-width: 1498px) 100vw, 1498px\" \/><\/a><\/p>\n\n\n\n<p><strong>SEMPRE NO \u00c2MBITO DO WEBSUMMIT, ANETIE E DIGITAL TREES DESENVOLVEM A SUA 5\u00aa EDI\u00c7\u00c3O DESTE EVENTO, FOMENTANDO NEG\u00d3CIOS E PARCERIAS<\/strong><\/p>\n\n\n\n<h2>About this Event<\/h2>\n\n\n\n<h3>AGENDA: (<em>Hor\u00e1rio do Brasil. Para Portugal, agregar +3 horas<\/em>)<\/h3>\n\n\n\n<p>&#8212;&#8212;&#8212;&#8212;&#8212;&#8212;&#8212;&#8212;&#8212;&#8212;&#8212;&#8212;&#8212;&#8212;&#8212;&#8212;&#8212;&#8212;&#8212;&#8212;&#8212;&#8212;&#8212;&#8212;-<\/p>\n\n\n\n<p><strong>10.00h&nbsp;<\/strong>&#8211; Panorama do setor das TIC\u00b4s em Portugal<\/p>\n\n\n\n<p>Associa\u00e7\u00e3o das Empresas de Tecnologia de Portugal<\/p>\n\n\n\n<p>&#8212;&#8212;&#8212;&#8212;&#8212;&#8212;&#8212;&#8212;&#8212;&#8212;&#8212;&#8212;&#8212;&#8212;&#8212;&#8212;&#8212;&#8212;&#8212;&#8212;&#8212;&#8212;&#8212;&#8212;-<\/p>\n\n\n\n<p><strong>10.15h<\/strong>&nbsp;\u2013 Relev\u00e2ncia da Regi\u00e3o Centro de Portugal como diferencial competitivo e estrat\u00e9gico<\/p>\n\n\n\n<p>C\u00e2mara de Com\u00e9rcio e Ind\u00fastria do Centro<\/p>\n\n\n\n<p>&#8212;&#8212;&#8212;&#8212;&#8212;&#8212;&#8212;&#8212;&#8212;&#8212;&#8212;&#8212;&#8212;&#8212;&#8212;&#8212;&#8212;&#8212;&#8212;&#8212;&#8212;&#8212;&#8212;&#8212;-<\/p>\n\n\n\n<p><strong>10.30h&nbsp;<\/strong>&#8211; Inova\u00e7\u00e3o, Tecnologia e Educa\u00e7\u00e3o na Regi\u00e3o Centro<\/p>\n\n\n\n<p>Universidade de Coimbra, Incubadora de Figueira da Foz, Instituto Pedro Nunes, Rede de Incubadoras do Centro e UC Business<\/p>\n\n\n\n<p>&#8212;&#8212;&#8212;&#8212;&#8212;&#8212;&#8212;&#8212;&#8212;&#8212;&#8212;&#8212;&#8212;&#8212;&#8212;&#8212;&#8212;&#8212;&#8212;&#8212;&#8212;&#8212;&#8212;&#8212;-<\/p>\n\n\n\n<p><strong>11:00h<\/strong>&nbsp;\u2013 WEBSUMMIT, o evento e insights da edi\u00e7\u00e3o 2020<\/p>\n\n\n\n<p>WEBSUMMIT On The Road<\/p>\n\n\n\n<p>&#8212;&#8212;&#8212;&#8212;&#8212;&#8212;&#8212;&#8212;&#8212;&#8212;&#8212;&#8212;&#8212;&#8212;&#8212;&#8212;&#8212;&#8212;&#8212;&#8212;&#8212;&#8212;&#8212;&#8212;&#8211;<\/p>\n\n\n\n<p><strong>11.15h<\/strong>&nbsp;&#8211; Caminhos de Acesso ao Mercado e Educa\u00e7\u00e3o<\/p>\n\n\n\n<p>DIGITAL TREES<\/p>\n\n\n\n<p>&#8212;&#8212;&#8212;&#8212;&#8212;&#8212;&#8212;&#8212;&#8212;&#8212;&#8212;&#8212;&#8212;&#8212;&#8212;&#8212;&#8212;&#8212;&#8212;&#8212;&#8212;&#8212;&#8212;&#8212;-<\/p>\n\n\n\n<p><strong>11.30h<\/strong>&nbsp;\u2013 Encerramento<\/p>\n\n\n\n<p>O BRAZILIAN CONNECTION se prop\u00f5e&nbsp;a fornecer uma vis\u00e3o geral do mercado atual de tecnologia em Portugal onde a Associa\u00e7\u00e3o de Empresas TIC de Portugal fornecer\u00e1 uma ampla vis\u00e3o. A C\u00e2mara de Com\u00e9rcio e Ind\u00fastria da Regi\u00e3o Centro ir\u00e1 focar na relev\u00e2ncia da Regi\u00e3o Centro de Portugal como diferencial competitivo e estrat\u00e9gico .A Universidade de Coimbra, universidade l\u00edder em n\u00famero de estudantes brasileiros fora do Brasil, a UC Business, Instituto Pedro Nunes, considerada entre as Top10 incubadoras globais desde 2010 e a Incubadora de Empresas de Figueira da Foz, l\u00edder em empreendimentos na economia do mar, ir\u00e3o se aprofundar no ecossistema de inova\u00e7\u00e3o e tecnologia da Regi\u00e3o Centro, destacando seus benef\u00edcios. Neste painel ainda poderemos contar com a interven\u00e7\u00e3o da Rede de Incubadoras e Empresas da Regi\u00e3o Centro (a confirmar), a fim de mostrar todas as voca\u00e7\u00f5es consolidadas e capilaridade na regi\u00e3o. O coordenador do WEBSUMMIT on The Road para o Brasil, ir\u00e1 colaborar com um overview deste evento e alguns insights de sua 1a edi\u00e7\u00e3o online , realizado na semana anterior. Os diretores da Digital Trees ir\u00e3o mostrar os caminhos poss\u00edveis para acessar o mercado e a educa\u00e7\u00e3o de Portugal, assim como usufruir dos benef\u00edcios desta relevante regi\u00e3o. Um especial agradecimento ao apoio institucional da ABES Software e da ASSESPRO Nacional, que desde o in\u00edcio do nosso projeto de colabora\u00e7\u00e3o Luso-Brasileira acreditaram em nossas iniciativas e as apoiaram. Tamb\u00e9m agradecemos \u00e0s institui\u00e7\u00f5es de fomento da UE que atrav\u00e9s da ANETIE sempre se fizeram presentes.<\/p>\n\n\n\n<p>*O link para participa\u00e7\u00e3o ser\u00e1 enviado por e-mail ap\u00f3s a inscri\u00e7\u00e3o!<\/p>\n","protected":false},"excerpt":{"rendered":"<p>SEMPRE NO \u00c2MBITO DO WEBSUMMIT, ANETIE E DIGITAL TREES DESENVOLVEM A SUA 5\u00aa EDI\u00c7\u00c3O DESTE EVENTO, FOMENTANDO NEG\u00d3CIOS E PARCERIAS About this Event AGENDA: (Hor\u00e1rio do<span class=\"excerpt-hellip\"> [\u2026]<\/span><\/p>\n","protected":false},"author":1,"featured_media":1322,"parent":0,"menu_order":0,"comment_status":"closed","ping_status":"closed","template":"","meta":[],"_links":{"self":[{"href":"https:\/\/www.digitaltrees.org\/index.php\/wp-json\/wp\/v2\/pages\/1328"}],"collection":[{"href":"https:\/\/www.digitaltrees.org\/index.php\/wp-json\/wp\/v2\/pages"}],"about":[{"href":"https:\/\/www.digitaltrees.org\/index.php\/wp-json\/wp\/v2\/types\/page"}],"author":[{"embeddable":true,"href":"https:\/\/www.digitaltrees.org\/index.php\/wp-json\/wp\/v2\/users\/1"}],"replies":[{"embeddable":true,"href":"https:\/\/www.digitaltrees.org\/index.php\/wp-json\/wp\/v2\/comments?post=1328"}],"version-history":[{"count":3,"href":"https:\/\/www.digitaltrees.org\/index.php\/wp-json\/wp\/v2\/pages\/1328\/revisions"}],"predecessor-version":[{"id":1336,"href":"https:\/\/www.digitaltrees.org\/index.php\/wp-json\/wp\/v2\/pages\/1328\/revisions\/1336"}],"wp:featuredmedia":[{"embeddable":true,"href":"https:\/\/www.digitaltrees.org\/index.php\/wp-json\/wp\/v2\/media\/1322"}],"wp:attachment":[{"href":"https:\/\/www.digitaltrees.org\/index.php\/wp-json\/wp\/v2\/media?parent=1328"}],"curies":[{"name":"wp","href":"https:\/\/api.w.org\/{rel}","templated":true}]}}