{"id":1276,"date":"2019-10-12T09:21:01","date_gmt":"2019-10-12T09:21:01","guid":{"rendered":"https:\/\/www.digitaltrees.org\/?page_id=1276"},"modified":"2019-10-14T07:21:59","modified_gmt":"2019-10-14T07:21:59","slug":"forum-do-hub-iberoamericano-aeroespacial","status":"publish","type":"page","link":"https:\/\/www.digitaltrees.org\/index.php\/forum-do-hub-iberoamericano-aeroespacial\/","title":{"rendered":"F\u00f3rum do  Hub Iberoamericano Aeroespacial"},"content":{"rendered":"\n<figure class=\"wp-block-image\"><img loading=\"lazy\" width=\"952\" height=\"715\" src=\"https:\/\/www.digitaltrees.org\/wp-content\/uploads\/2019\/10\/logo_HIA_1oForum21OUT2019.png\" alt=\"\" class=\"wp-image-1285\" srcset=\"https:\/\/www.digitaltrees.org\/wp-content\/uploads\/2019\/10\/logo_HIA_1oForum21OUT2019.png 952w, https:\/\/www.digitaltrees.org\/wp-content\/uploads\/2019\/10\/logo_HIA_1oForum21OUT2019-300x225.png 300w, https:\/\/www.digitaltrees.org\/wp-content\/uploads\/2019\/10\/logo_HIA_1oForum21OUT2019-768x577.png 768w, https:\/\/www.digitaltrees.org\/wp-content\/uploads\/2019\/10\/logo_HIA_1oForum21OUT2019-194x146.png 194w, https:\/\/www.digitaltrees.org\/wp-content\/uploads\/2019\/10\/logo_HIA_1oForum21OUT2019-50x38.png 50w, https:\/\/www.digitaltrees.org\/wp-content\/uploads\/2019\/10\/logo_HIA_1oForum21OUT2019-100x75.png 100w\" sizes=\"(max-width: 952px) 100vw, 952px\" \/><\/figure>\n\n\n\n<h2>EVENTO GRATUITO!<\/h2>\n\n\n\n<figure class=\"wp-block-image\"><a href=\"https:\/\/www.eventbrite.com.br\/e\/1o-forum-do-hub-iberoamericano-aeroespacial-tickets-76657236859\" target=\"_blank\" rel=\"noreferrer noopener\"><img loading=\"lazy\" width=\"359\" height=\"140\" src=\"https:\/\/www.digitaltrees.org\/wp-content\/uploads\/2019\/10\/INSCREVA-AQUI.jpg\" alt=\"\" class=\"wp-image-1277\" srcset=\"https:\/\/www.digitaltrees.org\/wp-content\/uploads\/2019\/10\/INSCREVA-AQUI.jpg 359w, https:\/\/www.digitaltrees.org\/wp-content\/uploads\/2019\/10\/INSCREVA-AQUI-300x117.jpg 300w, https:\/\/www.digitaltrees.org\/wp-content\/uploads\/2019\/10\/INSCREVA-AQUI-260x101.jpg 260w, https:\/\/www.digitaltrees.org\/wp-content\/uploads\/2019\/10\/INSCREVA-AQUI-50x19.jpg 50w, https:\/\/www.digitaltrees.org\/wp-content\/uploads\/2019\/10\/INSCREVA-AQUI-150x58.jpg 150w\" sizes=\"(max-width: 359px) 100vw, 359px\" \/><\/a><\/figure>\n\n\n\n<p><strong>OBJETIVOS:<\/strong><\/p>\n\n\n\n<ul><li>Promover a integra\u00e7\u00e3o do Hub Iberoamericano Aeroespacial com os Hubs de Inova\u00e7\u00e3o associados que hoje contam com mais de 420 membros.<\/li><li>Desenvolver um relacionamento entre os Membros do Grupo com Institui\u00e7\u00f5es e outros Grupos de Trabalho j\u00e1 formados.<\/li><li>Divulgar a chamada para participa\u00e7\u00e3o da terceira Miss\u00e3o Tecnol\u00f3gica Brasil-Portugal que ser\u00e1 realizada no m\u00eas de Novembro de 2019.<\/li><\/ul>\n\n\n\n<p>O Hub Iberoamericano Aeroespacial tem o prop\u00f3sito de permitir aos integrantes, um conhecimento e aproxima\u00e7\u00e3o maior com o mercado TIC e de P&amp;D+I nos pa\u00edses propostos, por meio da promo\u00e7\u00e3o de visitas t\u00e9cnicas, workshops, webinars, ferramentas digitais, indica\u00e7\u00e3o de eventos \u00e2ncoras e roundtables.<\/p>\n\n\n\n<p>Suas demandas, fornecedores locais para o desenvolvimento de parcerias, linhas de pesquisas, ecossistema de inova\u00e7\u00e3o, scaleups &amp; empreendedorismo, alian\u00e7as acad\u00eamicas junto a universidades e escolas, incubadoras &amp; startups centers, promo\u00e7\u00e3o de acordos entre cidades irm\u00e3s, promo\u00e7\u00e3o de cons\u00f3rcios tem\u00e1ticos, iniciativas de tecnologias sociais e economia circular, informa\u00e7\u00f5es sobre fundos dispon\u00edveis e acesso a investidores.<\/p>\n\n\n\n<p>Tamb\u00e9m buscamos apresentar especialistas nas \u00e1reas jur\u00eddicas, tribut\u00e1rias, laborais, imobili\u00e1rias e em conv\u00eanios bilaterais existentes, assim como conv\u00eanios vigentes entre pa\u00edses, atrav\u00e9s de uma din\u00e2mica colaborativa e compartilhada, em sinergia com diversos eventos e outras delega\u00e7\u00f5es com interesses comuns, na busca por mercado globais.<\/p>\n","protected":false},"excerpt":{"rendered":"<p>EVENTO GRATUITO! OBJETIVOS: Promover a integra\u00e7\u00e3o do Hub Iberoamericano Aeroespacial com os Hubs de Inova\u00e7\u00e3o associados que hoje contam com mais de 420 membros. Desenvolver um<span class=\"excerpt-hellip\"> [\u2026]<\/span><\/p>\n","protected":false},"author":1,"featured_media":0,"parent":0,"menu_order":0,"comment_status":"closed","ping_status":"closed","template":"","meta":[],"_links":{"self":[{"href":"https:\/\/www.digitaltrees.org\/index.php\/wp-json\/wp\/v2\/pages\/1276"}],"collection":[{"href":"https:\/\/www.digitaltrees.org\/index.php\/wp-json\/wp\/v2\/pages"}],"about":[{"href":"https:\/\/www.digitaltrees.org\/index.php\/wp-json\/wp\/v2\/types\/page"}],"author":[{"embeddable":true,"href":"https:\/\/www.digitaltrees.org\/index.php\/wp-json\/wp\/v2\/users\/1"}],"replies":[{"embeddable":true,"href":"https:\/\/www.digitaltrees.org\/index.php\/wp-json\/wp\/v2\/comments?post=1276"}],"version-history":[{"count":3,"href":"https:\/\/www.digitaltrees.org\/index.php\/wp-json\/wp\/v2\/pages\/1276\/revisions"}],"predecessor-version":[{"id":1287,"href":"https:\/\/www.digitaltrees.org\/index.php\/wp-json\/wp\/v2\/pages\/1276\/revisions\/1287"}],"wp:attachment":[{"href":"https:\/\/www.digitaltrees.org\/index.php\/wp-json\/wp\/v2\/media?parent=1276"}],"curies":[{"name":"wp","href":"https:\/\/api.w.org\/{rel}","templated":true}]}}