{"id":1246,"date":"2019-10-10T08:29:18","date_gmt":"2019-10-10T08:29:18","guid":{"rendered":"https:\/\/www.digitaltrees.org\/?page_id=1246"},"modified":"2019-10-10T08:29:19","modified_gmt":"2019-10-10T08:29:19","slug":"caravana-north-tech-coimbra-e-porto","status":"publish","type":"page","link":"https:\/\/www.digitaltrees.org\/index.php\/caravana-north-tech-coimbra-e-porto\/","title":{"rendered":"Caravana North Tech \u2013 Coimbra e Porto"},"content":{"rendered":"\n<figure class=\"wp-block-image\"><img loading=\"lazy\" width=\"1024\" height=\"576\" src=\"https:\/\/www.digitaltrees.org\/wp-content\/uploads\/2019\/10\/Slide2-1-1024x576.jpg\" alt=\"\" class=\"wp-image-1234\" srcset=\"https:\/\/www.digitaltrees.org\/wp-content\/uploads\/2019\/10\/Slide2-1-1024x576.jpg 1024w, https:\/\/www.digitaltrees.org\/wp-content\/uploads\/2019\/10\/Slide2-1-300x169.jpg 300w, https:\/\/www.digitaltrees.org\/wp-content\/uploads\/2019\/10\/Slide2-1-768x432.jpg 768w, https:\/\/www.digitaltrees.org\/wp-content\/uploads\/2019\/10\/Slide2-1-260x146.jpg 260w, https:\/\/www.digitaltrees.org\/wp-content\/uploads\/2019\/10\/Slide2-1-50x28.jpg 50w, https:\/\/www.digitaltrees.org\/wp-content\/uploads\/2019\/10\/Slide2-1-133x75.jpg 133w, https:\/\/www.digitaltrees.org\/wp-content\/uploads\/2019\/10\/Slide2-1.jpg 1280w, https:\/\/www.digitaltrees.org\/wp-content\/uploads\/2019\/10\/Slide2-1-1200x675.jpg 1200w\" sizes=\"(max-width: 1024px) 100vw, 1024px\" \/><\/figure>\n\n\n\n<figure class=\"wp-block-image\"><img loading=\"lazy\" width=\"954\" height=\"534\" src=\"https:\/\/www.digitaltrees.org\/wp-content\/uploads\/2019\/10\/caravana.jpg\" alt=\"\" class=\"wp-image-1248\" srcset=\"https:\/\/www.digitaltrees.org\/wp-content\/uploads\/2019\/10\/caravana.jpg 954w, https:\/\/www.digitaltrees.org\/wp-content\/uploads\/2019\/10\/caravana-300x168.jpg 300w, https:\/\/www.digitaltrees.org\/wp-content\/uploads\/2019\/10\/caravana-768x430.jpg 768w, https:\/\/www.digitaltrees.org\/wp-content\/uploads\/2019\/10\/caravana-260x146.jpg 260w, https:\/\/www.digitaltrees.org\/wp-content\/uploads\/2019\/10\/caravana-50x28.jpg 50w, https:\/\/www.digitaltrees.org\/wp-content\/uploads\/2019\/10\/caravana-134x75.jpg 134w\" sizes=\"(max-width: 954px) 100vw, 954px\" \/><\/figure>\n\n\n\n<figure class=\"wp-block-image\"><img loading=\"lazy\" width=\"944\" height=\"538\" src=\"https:\/\/www.digitaltrees.org\/wp-content\/uploads\/2019\/10\/caravana1.jpg\" alt=\"\" class=\"wp-image-1247\" srcset=\"https:\/\/www.digitaltrees.org\/wp-content\/uploads\/2019\/10\/caravana1.jpg 944w, https:\/\/www.digitaltrees.org\/wp-content\/uploads\/2019\/10\/caravana1-300x171.jpg 300w, https:\/\/www.digitaltrees.org\/wp-content\/uploads\/2019\/10\/caravana1-768x438.jpg 768w, https:\/\/www.digitaltrees.org\/wp-content\/uploads\/2019\/10\/caravana1-256x146.jpg 256w, https:\/\/www.digitaltrees.org\/wp-content\/uploads\/2019\/10\/caravana1-50x28.jpg 50w, https:\/\/www.digitaltrees.org\/wp-content\/uploads\/2019\/10\/caravana1-132x75.jpg 132w\" sizes=\"(max-width: 944px) 100vw, 944px\" \/><\/figure>\n\n\n\n<p><strong>Visita \u00e0s regi\u00f5es intensas em conhecimento e alta tecnologia no Norte&nbsp; e Centro de Portugal, incluindo visitas t\u00e9cnicas e sess\u00f5es de networking nas cidades propostas.<\/strong><\/p>\n\n\n\n<h2><strong>INSCRI\u00c7\u00d5ES E PAGAMENTOS:<\/strong><\/h2>\n\n\n\n<p><strong>Caravan North Tech:\u00a0<a href=\"https:\/\/www.paypal.com\/cgi-bin\/webscr?cmd=_s-xclick&amp;hosted_button_id=7DPQ62PVGPZVA\" target=\"_blank\" rel=\"noreferrer noopener\" aria-label=\" (abre em uma nova aba)\">https:\/\/www.paypal.com\/cgi-bin\/webscr?cmd=_s-xclick&amp;hosted_button_id=7DPQ62PVGPZVA<\/a><\/strong><\/p>\n","protected":false},"excerpt":{"rendered":"<p>Visita \u00e0s regi\u00f5es intensas em conhecimento e alta tecnologia no Norte&nbsp; e Centro de Portugal, incluindo visitas t\u00e9cnicas e sess\u00f5es de networking nas cidades propostas. INSCRI\u00c7\u00d5ES<span class=\"excerpt-hellip\"> [\u2026]<\/span><\/p>\n","protected":false},"author":1,"featured_media":0,"parent":0,"menu_order":0,"comment_status":"closed","ping_status":"closed","template":"","meta":[],"_links":{"self":[{"href":"https:\/\/www.digitaltrees.org\/index.php\/wp-json\/wp\/v2\/pages\/1246"}],"collection":[{"href":"https:\/\/www.digitaltrees.org\/index.php\/wp-json\/wp\/v2\/pages"}],"about":[{"href":"https:\/\/www.digitaltrees.org\/index.php\/wp-json\/wp\/v2\/types\/page"}],"author":[{"embeddable":true,"href":"https:\/\/www.digitaltrees.org\/index.php\/wp-json\/wp\/v2\/users\/1"}],"replies":[{"embeddable":true,"href":"https:\/\/www.digitaltrees.org\/index.php\/wp-json\/wp\/v2\/comments?post=1246"}],"version-history":[{"count":1,"href":"https:\/\/www.digitaltrees.org\/index.php\/wp-json\/wp\/v2\/pages\/1246\/revisions"}],"predecessor-version":[{"id":1249,"href":"https:\/\/www.digitaltrees.org\/index.php\/wp-json\/wp\/v2\/pages\/1246\/revisions\/1249"}],"wp:attachment":[{"href":"https:\/\/www.digitaltrees.org\/index.php\/wp-json\/wp\/v2\/media?parent=1246"}],"curies":[{"name":"wp","href":"https:\/\/api.w.org\/{rel}","templated":true}]}}