{"id":1244,"date":"2019-10-10T08:25:43","date_gmt":"2019-10-10T08:25:43","guid":{"rendered":"https:\/\/www.digitaltrees.org\/?page_id=1244"},"modified":"2019-10-14T18:11:30","modified_gmt":"2019-10-14T18:11:30","slug":"1244-2","status":"publish","type":"page","link":"https:\/\/www.digitaltrees.org\/index.php\/1244-2\/","title":{"rendered":"LISBON TECH &#8211; Miss\u00e3o Portugal"},"content":{"rendered":"\n<figure class=\"wp-block-image\"><img loading=\"lazy\" width=\"1024\" height=\"576\" src=\"https:\/\/www.digitaltrees.org\/wp-content\/uploads\/2019\/10\/Slide1-1-1024x576.jpg\" alt=\"\" class=\"wp-image-1236\" srcset=\"https:\/\/www.digitaltrees.org\/wp-content\/uploads\/2019\/10\/Slide1-1-1024x576.jpg 1024w, https:\/\/www.digitaltrees.org\/wp-content\/uploads\/2019\/10\/Slide1-1-300x169.jpg 300w, https:\/\/www.digitaltrees.org\/wp-content\/uploads\/2019\/10\/Slide1-1-768x432.jpg 768w, https:\/\/www.digitaltrees.org\/wp-content\/uploads\/2019\/10\/Slide1-1-260x146.jpg 260w, https:\/\/www.digitaltrees.org\/wp-content\/uploads\/2019\/10\/Slide1-1-50x28.jpg 50w, https:\/\/www.digitaltrees.org\/wp-content\/uploads\/2019\/10\/Slide1-1-133x75.jpg 133w, https:\/\/www.digitaltrees.org\/wp-content\/uploads\/2019\/10\/Slide1-1.jpg 1280w, https:\/\/www.digitaltrees.org\/wp-content\/uploads\/2019\/10\/Slide1-1-1200x675.jpg 1200w\" sizes=\"(max-width: 1024px) 100vw, 1024px\" \/><\/figure>\n\n\n\n<h2><strong>A PROPOSTA:<\/strong><\/h2>\n\n\n\n<p>Esta miss\u00e3o tem o prop\u00f3sito de permitir aos integrantes da delega\u00e7\u00e3o, um conhecimento e aproxima\u00e7\u00e3o maior com o mercado TIC e de P&amp;D+I no pa\u00eds proposto, atrav\u00e9s da promo\u00e7\u00e3o de visitas t\u00e9cnicas,&nbsp;<em>workshops<\/em>,&nbsp;<em>webinars<\/em><em>,&nbsp;<\/em>ferramentas digitais, indica\u00e7\u00e3o de eventos \u00e2ncoras e&nbsp;<em>roundtables<\/em><em>.<\/em><\/p>\n\n\n\n<p>Suas demandas, fornecedores locais para o desenvolvimento de parcerias, linhas de pesquisas, ecossistema de inova\u00e7\u00e3o,&nbsp;<em>scaleups<\/em>&nbsp;&amp; empreendedorismo, alian\u00e7as acad\u00eamicas junto a universidades e escolas, incubadoras &amp;&nbsp;<em>startups centers<\/em>, promo\u00e7\u00e3o de acordos entre cidades irm\u00e3s, promo\u00e7\u00e3o de cons\u00f3rcios tem\u00e1ticos, iniciativas de tecnologias sociais e economia circular, informa\u00e7\u00f5es sobre fundos dispon\u00edveis e acesso a investidores.<\/p>\n\n\n\n<p>Tamb\u00e9m buscamos apresentar especialistas nas \u00e1reas jur\u00eddicas, tribut\u00e1rias, laborais, imobili\u00e1rias e em conv\u00eanios bilaterais existentes, assim como conv\u00eanios vigentes entre pa\u00edses, atrav\u00e9s de uma din\u00e2mica colaborativa e compartilhada, em sinergia com diversos eventos e outras delega\u00e7\u00f5es com interesses comuns, na busca por mercado globais.<\/p>\n\n\n\n<h2><strong>P\u00daBLICO :<\/strong><\/h2>\n\n\n\n<ul><li>STARTUPS<\/li><li>EMPRESAS CONSOLIDADAS<\/li><li>CENTROS DE P&amp;D+I<\/li><li>GOVERNOS<\/li><li>UNIVERSIDADES<\/li><\/ul>\n\n\n\n<h2><strong>ATUA\u00c7\u00d5ES:<\/strong><\/h2>\n\n\n\n<ul><li>COLABORA\u00c7\u00c3O INTERNACIONAL EM P&amp;D+I<\/li><li>PARCERIAS COMERCIAIS E TECNOL\u00d3GICAS<\/li><li>INTERNACIONALIZA\u00c7\u00c3O DE STARTUPS<\/li><\/ul>\n\n\n\n<h2><strong>AGENDA:<\/strong><\/h2>\n\n\n\n<figure class=\"wp-block-image\"><img loading=\"lazy\" width=\"838\" height=\"1024\" src=\"https:\/\/www.digitaltrees.org\/wp-content\/uploads\/2019\/10\/WhatsApp-Image-2019-10-14-at-19.08.20-838x1024.jpeg\" alt=\"\" class=\"wp-image-1289\" srcset=\"https:\/\/www.digitaltrees.org\/wp-content\/uploads\/2019\/10\/WhatsApp-Image-2019-10-14-at-19.08.20-838x1024.jpeg 838w, https:\/\/www.digitaltrees.org\/wp-content\/uploads\/2019\/10\/WhatsApp-Image-2019-10-14-at-19.08.20-245x300.jpeg 245w, https:\/\/www.digitaltrees.org\/wp-content\/uploads\/2019\/10\/WhatsApp-Image-2019-10-14-at-19.08.20-768x939.jpeg 768w, https:\/\/www.digitaltrees.org\/wp-content\/uploads\/2019\/10\/WhatsApp-Image-2019-10-14-at-19.08.20-119x146.jpeg 119w, https:\/\/www.digitaltrees.org\/wp-content\/uploads\/2019\/10\/WhatsApp-Image-2019-10-14-at-19.08.20-41x50.jpeg 41w, https:\/\/www.digitaltrees.org\/wp-content\/uploads\/2019\/10\/WhatsApp-Image-2019-10-14-at-19.08.20-61x75.jpeg 61w, https:\/\/www.digitaltrees.org\/wp-content\/uploads\/2019\/10\/WhatsApp-Image-2019-10-14-at-19.08.20.jpeg 1047w\" sizes=\"(max-width: 838px) 100vw, 838px\" \/><\/figure>\n\n\n\n<h2><strong>INSCRI\u00c7\u00d5ES E PAGAMENTOS:<\/strong><\/h2>\n\n\n\n<p><strong>Lisbon Tech:<\/strong>&nbsp;<a href=\"https:\/\/www.paypal.com\/cgi-bin\/webscr?cmd=_s-xclick&amp;hosted_button_id=FXHEGA4TEETJE\" target=\"_blank\" rel=\"noreferrer noopener\">https:\/\/www.paypal.com\/cgi-bin\/webscr?cmd=_s-xclick&amp;hosted_button_id=FXHEGA4TEETJE<\/a><\/p>\n","protected":false},"excerpt":{"rendered":"<p>A PROPOSTA: Esta miss\u00e3o tem o prop\u00f3sito de permitir aos integrantes da delega\u00e7\u00e3o, um conhecimento e aproxima\u00e7\u00e3o maior com o mercado TIC e de P&amp;D+I no<span class=\"excerpt-hellip\"> [\u2026]<\/span><\/p>\n","protected":false},"author":1,"featured_media":0,"parent":0,"menu_order":0,"comment_status":"closed","ping_status":"closed","template":"","meta":[],"_links":{"self":[{"href":"https:\/\/www.digitaltrees.org\/index.php\/wp-json\/wp\/v2\/pages\/1244"}],"collection":[{"href":"https:\/\/www.digitaltrees.org\/index.php\/wp-json\/wp\/v2\/pages"}],"about":[{"href":"https:\/\/www.digitaltrees.org\/index.php\/wp-json\/wp\/v2\/types\/page"}],"author":[{"embeddable":true,"href":"https:\/\/www.digitaltrees.org\/index.php\/wp-json\/wp\/v2\/users\/1"}],"replies":[{"embeddable":true,"href":"https:\/\/www.digitaltrees.org\/index.php\/wp-json\/wp\/v2\/comments?post=1244"}],"version-history":[{"count":5,"href":"https:\/\/www.digitaltrees.org\/index.php\/wp-json\/wp\/v2\/pages\/1244\/revisions"}],"predecessor-version":[{"id":1317,"href":"https:\/\/www.digitaltrees.org\/index.php\/wp-json\/wp\/v2\/pages\/1244\/revisions\/1317"}],"wp:attachment":[{"href":"https:\/\/www.digitaltrees.org\/index.php\/wp-json\/wp\/v2\/media?parent=1244"}],"curies":[{"name":"wp","href":"https:\/\/api.w.org\/{rel}","templated":true}]}}