{"id":1238,"date":"2019-10-10T08:06:37","date_gmt":"2019-10-10T08:06:37","guid":{"rendered":"https:\/\/www.digitaltrees.org\/?page_id=1238"},"modified":"2019-10-14T19:12:53","modified_gmt":"2019-10-14T19:12:53","slug":"websummit-on-the-road-call-for-action","status":"publish","type":"page","link":"https:\/\/www.digitaltrees.org\/index.php\/websummit-on-the-road-call-for-action\/","title":{"rendered":"WebSummit On The Road \u2013 Call for Action"},"content":{"rendered":"\n<div class=\"wp-block-image\"><figure class=\"aligncenter\"><img loading=\"lazy\" width=\"960\" height=\"720\" src=\"https:\/\/www.digitaltrees.org\/wp-content\/uploads\/2019\/10\/websummit_ontheroad.jpg\" alt=\"\" class=\"wp-image-1233\" srcset=\"https:\/\/www.digitaltrees.org\/wp-content\/uploads\/2019\/10\/websummit_ontheroad.jpg 960w, https:\/\/www.digitaltrees.org\/wp-content\/uploads\/2019\/10\/websummit_ontheroad-300x225.jpg 300w, https:\/\/www.digitaltrees.org\/wp-content\/uploads\/2019\/10\/websummit_ontheroad-768x576.jpg 768w, https:\/\/www.digitaltrees.org\/wp-content\/uploads\/2019\/10\/websummit_ontheroad-195x146.jpg 195w, https:\/\/www.digitaltrees.org\/wp-content\/uploads\/2019\/10\/websummit_ontheroad-50x38.jpg 50w, https:\/\/www.digitaltrees.org\/wp-content\/uploads\/2019\/10\/websummit_ontheroad-100x75.jpg 100w\" sizes=\"(max-width: 960px) 100vw, 960px\" \/><\/figure><\/div>\n\n\n\n<p>No dia 17 de outubro o maior evento global de inova\u00e7\u00e3o e tecnologia aterrissa na Cidade Maravilhosa.<\/p>\n\n\n\n<p>A edi\u00e7\u00e3o itinerante do WEBSUMMIT, o WEBSUMMIT on the Road, passa por 8 estados do Brasil e finalmente aterrissa na cidade maravilhosa com 2 eventos imperd\u00edveis para quem quer conhecer mais sobre Portugal e seu consolidado ecossistema de inova\u00e7\u00e3o, educa\u00e7\u00e3o, mercado de trabalho e empreendedorismo.<\/p>\n\n\n\n<p>Para Gustavo Miguelez, CRO da Digital Trees e um dos organizadores do evento, \u201ca presen\u00e7a dos representantes do ecossistemas do estado do Rio de Janeiro \u00e9 fundamental, j\u00e1 que este momento representa o in\u00edcio da constru\u00e7\u00e3o de uma s\u00f3lida ponte com a nata da inova\u00e7\u00e3o e tecnologia no mundo, assim como o fortalecimento de colabora\u00e7\u00e3o e neg\u00f3cios entre Brasil e Portugal. Sem d\u00favida, uma \u00f3tima oportunidade para aumentar o protagonismo e destacar a import\u00e2ncia do Rio como uma das capitais da inova\u00e7\u00e3o e criatividade no pa\u00eds\u201d.<\/p>\n\n\n\n<p>Participe!<\/p>\n\n\n\n<h2> Inscri\u00e7\u00f5es Etapa 1: &nbsp;<\/h2>\n\n\n\n<p><a href=\"https:\/\/www.eventbrite.com\/e\/75776610883\"><strong>https:\/\/www.eventbrite.com\/e\/75776610883<\/strong><\/a><\/p>\n\n\n\n<p>=========================================================================================<\/p>\n\n\n\n<div class=\"wp-block-image\"><figure class=\"aligncenter\"><img loading=\"lazy\" width=\"732\" height=\"1024\" src=\"https:\/\/www.digitaltrees.org\/wp-content\/uploads\/2019\/10\/Websummit_hunting-732x1024.jpg\" alt=\"\" class=\"wp-image-1269\" srcset=\"https:\/\/www.digitaltrees.org\/wp-content\/uploads\/2019\/10\/Websummit_hunting-732x1024.jpg 732w, https:\/\/www.digitaltrees.org\/wp-content\/uploads\/2019\/10\/Websummit_hunting-214x300.jpg 214w, https:\/\/www.digitaltrees.org\/wp-content\/uploads\/2019\/10\/Websummit_hunting-768x1075.jpg 768w, https:\/\/www.digitaltrees.org\/wp-content\/uploads\/2019\/10\/Websummit_hunting-104x146.jpg 104w, https:\/\/www.digitaltrees.org\/wp-content\/uploads\/2019\/10\/Websummit_hunting-36x50.jpg 36w, https:\/\/www.digitaltrees.org\/wp-content\/uploads\/2019\/10\/Websummit_hunting-54x75.jpg 54w, https:\/\/www.digitaltrees.org\/wp-content\/uploads\/2019\/10\/Websummit_hunting.jpg 912w\" sizes=\"(max-width: 732px) 100vw, 732px\" \/><\/figure><\/div>\n\n\n\n<h2>Inscri\u00e7\u00f5es Etapa 2:<\/h2>\n\n\n\n<p><a href=\"https:\/\/www.sympla.com.br\/websummit-on-the-road---stage-in-rio__672619\">:\/\/www.sympla.com.br\/websummit-on-the-road\u2014stage-in-rio__672619\ufeff<\/a><\/p>\n\n\n\n<p><strong>Lembrando que apos o evento presencial, sugerimos a todos os inscritos e participantes atenderem as rodadas de Follow up que estarao disponiveis 24h na Plataforma MTech da Digital Trees entre o dia 18\/10\/2019 a 31\/10\/2019. Evento online!!<\/strong><\/p>\n","protected":false},"excerpt":{"rendered":"<p>No dia 17 de outubro o maior evento global de inova\u00e7\u00e3o e tecnologia aterrissa na Cidade Maravilhosa. A edi\u00e7\u00e3o itinerante do WEBSUMMIT, o WEBSUMMIT on the<span class=\"excerpt-hellip\"> [\u2026]<\/span><\/p>\n","protected":false},"author":1,"featured_media":0,"parent":0,"menu_order":0,"comment_status":"closed","ping_status":"closed","template":"","meta":[],"_links":{"self":[{"href":"https:\/\/www.digitaltrees.org\/index.php\/wp-json\/wp\/v2\/pages\/1238"}],"collection":[{"href":"https:\/\/www.digitaltrees.org\/index.php\/wp-json\/wp\/v2\/pages"}],"about":[{"href":"https:\/\/www.digitaltrees.org\/index.php\/wp-json\/wp\/v2\/types\/page"}],"author":[{"embeddable":true,"href":"https:\/\/www.digitaltrees.org\/index.php\/wp-json\/wp\/v2\/users\/1"}],"replies":[{"embeddable":true,"href":"https:\/\/www.digitaltrees.org\/index.php\/wp-json\/wp\/v2\/comments?post=1238"}],"version-history":[{"count":9,"href":"https:\/\/www.digitaltrees.org\/index.php\/wp-json\/wp\/v2\/pages\/1238\/revisions"}],"predecessor-version":[{"id":1305,"href":"https:\/\/www.digitaltrees.org\/index.php\/wp-json\/wp\/v2\/pages\/1238\/revisions\/1305"}],"wp:attachment":[{"href":"https:\/\/www.digitaltrees.org\/index.php\/wp-json\/wp\/v2\/media?parent=1238"}],"curies":[{"name":"wp","href":"https:\/\/api.w.org\/{rel}","templated":true}]}}