{"id":1120,"date":"2019-05-22T08:58:27","date_gmt":"2019-05-22T08:58:27","guid":{"rendered":"https:\/\/www.digitaltrees.org\/?page_id=1120"},"modified":"2019-05-28T09:43:58","modified_gmt":"2019-05-28T09:43:58","slug":"7o-forum-de-internacionalizacao-de-empresas","status":"publish","type":"page","link":"https:\/\/www.digitaltrees.org\/index.php\/7o-forum-de-internacionalizacao-de-empresas\/","title":{"rendered":"7\u00ba F\u00f3rum de Internacionaliza\u00e7\u00e3o de Empresas"},"content":{"rendered":"\n<figure class=\"wp-block-image\"><a href=\"https:\/\/mtech.digitaltrees.org\/register\/\" target=\"_blank\" rel=\"noreferrer noopener\"><img loading=\"lazy\" width=\"576\" height=\"1024\" src=\"https:\/\/www.digitaltrees.org\/wp-content\/uploads\/2019\/05\/WhatsApp-Image-2019-05-20-at-11.10.25-576x1024.jpeg\" alt=\"\" class=\"wp-image-1107\" srcset=\"https:\/\/www.digitaltrees.org\/wp-content\/uploads\/2019\/05\/WhatsApp-Image-2019-05-20-at-11.10.25-576x1024.jpeg 576w, https:\/\/www.digitaltrees.org\/wp-content\/uploads\/2019\/05\/WhatsApp-Image-2019-05-20-at-11.10.25-169x300.jpeg 169w, https:\/\/www.digitaltrees.org\/wp-content\/uploads\/2019\/05\/WhatsApp-Image-2019-05-20-at-11.10.25-82x146.jpeg 82w, https:\/\/www.digitaltrees.org\/wp-content\/uploads\/2019\/05\/WhatsApp-Image-2019-05-20-at-11.10.25-28x50.jpeg 28w, https:\/\/www.digitaltrees.org\/wp-content\/uploads\/2019\/05\/WhatsApp-Image-2019-05-20-at-11.10.25-42x75.jpeg 42w, https:\/\/www.digitaltrees.org\/wp-content\/uploads\/2019\/05\/WhatsApp-Image-2019-05-20-at-11.10.25.jpeg 720w\" sizes=\"(max-width: 576px) 100vw, 576px\" \/><\/a><\/figure>\n","protected":false},"excerpt":{"rendered":"","protected":false},"author":1,"featured_media":0,"parent":0,"menu_order":0,"comment_status":"closed","ping_status":"closed","template":"","meta":[],"_links":{"self":[{"href":"https:\/\/www.digitaltrees.org\/index.php\/wp-json\/wp\/v2\/pages\/1120"}],"collection":[{"href":"https:\/\/www.digitaltrees.org\/index.php\/wp-json\/wp\/v2\/pages"}],"about":[{"href":"https:\/\/www.digitaltrees.org\/index.php\/wp-json\/wp\/v2\/types\/page"}],"author":[{"embeddable":true,"href":"https:\/\/www.digitaltrees.org\/index.php\/wp-json\/wp\/v2\/users\/1"}],"replies":[{"embeddable":true,"href":"https:\/\/www.digitaltrees.org\/index.php\/wp-json\/wp\/v2\/comments?post=1120"}],"version-history":[{"count":2,"href":"https:\/\/www.digitaltrees.org\/index.php\/wp-json\/wp\/v2\/pages\/1120\/revisions"}],"predecessor-version":[{"id":1146,"href":"https:\/\/www.digitaltrees.org\/index.php\/wp-json\/wp\/v2\/pages\/1120\/revisions\/1146"}],"wp:attachment":[{"href":"https:\/\/www.digitaltrees.org\/index.php\/wp-json\/wp\/v2\/media?parent=1120"}],"curies":[{"name":"wp","href":"https:\/\/api.w.org\/{rel}","templated":true}]}}