{"id":1087,"date":"2019-04-06T12:15:45","date_gmt":"2019-04-06T12:15:45","guid":{"rendered":"https:\/\/www.digitaltrees.org\/?page_id=1087"},"modified":"2019-04-06T12:15:48","modified_gmt":"2019-04-06T12:15:48","slug":"evento-rj-12-04","status":"publish","type":"page","link":"https:\/\/www.digitaltrees.org\/index.php\/evento-rj-12-04\/","title":{"rendered":"Evento RJ &#8211; 12\/04"},"content":{"rendered":"\n<figure class=\"wp-block-image\"><img loading=\"lazy\" width=\"740\" height=\"387\" src=\"https:\/\/www.digitaltrees.org\/wp-content\/uploads\/2019\/04\/Imagem_linkedin-RJ.jpg\" alt=\"\" class=\"wp-image-1080\" srcset=\"https:\/\/www.digitaltrees.org\/wp-content\/uploads\/2019\/04\/Imagem_linkedin-RJ.jpg 740w, https:\/\/www.digitaltrees.org\/wp-content\/uploads\/2019\/04\/Imagem_linkedin-RJ-300x157.jpg 300w, https:\/\/www.digitaltrees.org\/wp-content\/uploads\/2019\/04\/Imagem_linkedin-RJ-260x136.jpg 260w, https:\/\/www.digitaltrees.org\/wp-content\/uploads\/2019\/04\/Imagem_linkedin-RJ-50x26.jpg 50w, https:\/\/www.digitaltrees.org\/wp-content\/uploads\/2019\/04\/Imagem_linkedin-RJ-143x75.jpg 143w\" sizes=\"(max-width: 740px) 100vw, 740px\" \/><\/figure>\n\n\n\n<figure class=\"wp-block-image\"><img loading=\"lazy\" width=\"1024\" height=\"576\" src=\"https:\/\/www.digitaltrees.org\/wp-content\/uploads\/2019\/04\/Convite-Digital-Trees_Quidgest-12-04-2019_002-1024x576.jpg\" alt=\"\" class=\"wp-image-1082\" srcset=\"https:\/\/www.digitaltrees.org\/wp-content\/uploads\/2019\/04\/Convite-Digital-Trees_Quidgest-12-04-2019_002-1024x576.jpg 1024w, https:\/\/www.digitaltrees.org\/wp-content\/uploads\/2019\/04\/Convite-Digital-Trees_Quidgest-12-04-2019_002-300x169.jpg 300w, https:\/\/www.digitaltrees.org\/wp-content\/uploads\/2019\/04\/Convite-Digital-Trees_Quidgest-12-04-2019_002-768x432.jpg 768w, https:\/\/www.digitaltrees.org\/wp-content\/uploads\/2019\/04\/Convite-Digital-Trees_Quidgest-12-04-2019_002-260x146.jpg 260w, https:\/\/www.digitaltrees.org\/wp-content\/uploads\/2019\/04\/Convite-Digital-Trees_Quidgest-12-04-2019_002-50x28.jpg 50w, https:\/\/www.digitaltrees.org\/wp-content\/uploads\/2019\/04\/Convite-Digital-Trees_Quidgest-12-04-2019_002-133x75.jpg 133w, https:\/\/www.digitaltrees.org\/wp-content\/uploads\/2019\/04\/Convite-Digital-Trees_Quidgest-12-04-2019_002-1200x675.jpg 1200w\" sizes=\"(max-width: 1024px) 100vw, 1024px\" \/><\/figure>\n\n\n<p><br>\n<br>\n<!--StartFragment--><\/p>\n\n\n<p><strong>Agenda<\/strong><\/p>\n\n\n\n<p><strong>09:00 \u2013 09:30<\/strong><\/p>\n\n\n\n<ul><li>Credenciamento<\/li><\/ul>\n\n\n\n<p><strong>09:00 \u2013 09:10<\/strong><\/p>\n\n\n\n<ul><li>Sess\u00e3o de Abertura \u2013 Secretaria de Ci\u00eancia, Tecnologia e Inova\u00e7\u00e3o do Estado do Rio de Janeiro <\/li><\/ul>\n\n\n\n<p><strong>09:10<\/strong><\/p>\n\n\n\n<ul><li>\u201cAprendendo com a Experi\u00eancia Europeia \u2013 respondendo aos desafios da prote\u00e7\u00e3o de dados\u201d &#8211; Maria Sofia Martins \u2013 Consultora de Neg\u00f3cios Internacionais e Respons\u00e1vel Comercial da <strong>QUIDGEST<\/strong> para o Brasil<\/li><\/ul>\n\n\n\n<p><strong>09:45<\/strong><\/p>\n\n\n\n<ul><li>Pondera\u00e7\u00f5es: Dr. William Rocha, Comiss\u00e3o de defesa do consumidor da <strong>OAB-RJ, <\/strong>Dra. Renata Ruback, coordenadora do <strong>PROCON Carioca <\/strong>e Marco T\u00falio, Diretor Jur\u00eddico da <strong>ASSESPRO<\/strong><\/li><\/ul>\n\n\n\n<p><strong>10:30<\/strong><\/p>\n\n\n\n<ul><li>\u201cIA aplicada na produ\u00e7\u00e3o de sistemas de software complexos\u201d &#8211; Maria Sofia Martins e testemunho do Alessandro Palma, CEO <strong>APC-Sistemas<\/strong>\u00a8<\/li><\/ul>\n\n\n\n<p><strong>11:20<\/strong><\/p>\n\n\n\n<ul><li>Oportunidades de Parcerias Luso-Brasileiras \u2013 Gustavo Miguelez, Co-Fundador e CRO &nbsp;da <strong>DIGITAL TREES<\/strong><\/li><\/ul>\n\n\n\n<p><strong>11:35<\/strong><\/p>\n\n\n\n<ul><li>Encerramento<\/li><li>Coffee &amp; Networking<\/li><\/ul>\n\n\n\n<p>Fa\u00e7a o seu registo&nbsp;<a href=\"https:\/\/forms.gle\/aCKR66VvQAwqmGjq5\" target=\"_blank\" rel=\"noreferrer noopener\"><strong>AQUI<\/strong>.<\/a><\/p>\n\n\n\n<figure class=\"wp-block-image is-resized\"><img loading=\"lazy\" src=\"https:\/\/www.digitaltrees.org\/wp-content\/uploads\/2018\/05\/Logo-DigitalTress-1.png\" alt=\"\" class=\"wp-image-173\" width=\"127\" height=\"56\" srcset=\"https:\/\/www.digitaltrees.org\/wp-content\/uploads\/2018\/05\/Logo-DigitalTress-1.png 202w, https:\/\/www.digitaltrees.org\/wp-content\/uploads\/2018\/05\/Logo-DigitalTress-1-200x89.png 200w, https:\/\/www.digitaltrees.org\/wp-content\/uploads\/2018\/05\/Logo-DigitalTress-1-50x22.png 50w, https:\/\/www.digitaltrees.org\/wp-content\/uploads\/2018\/05\/Logo-DigitalTress-1-150x66.png 150w\" sizes=\"(max-width: 127px) 100vw, 127px\" \/><\/figure>\n\n\n\n<p>Este evento conta com o apoio dos parceiros estrat\u00e9gicos Digital Trees, empresa voltada para a cria\u00e7\u00e3o e fortalecimento de pontes e neg\u00f3cios no campo daInova\u00e7\u00e3o Tecnol\u00f3gica,&nbsp;Educa\u00e7\u00e3o&nbsp;e&nbsp;Projetos Sociais e bra\u00e7o direito da Quidgest no mercado Iberoamericano.<\/p>\n\n\n\n<h3>INFORMA\u00c7\u00d5ES GERAIS<\/h3>\n\n\n\n<ul><li>Data12 de abril 2019<\/li><li>Local: <\/li><\/ul>\n\n\n\n<p><strong>Local: STARTUP RIO<\/strong><\/p>\n\n\n\n<p>R. do Catete, 243 &#8211; Catete, Rio de Janeiro &#8211; RJ, 22220-001<\/p>\n\n\n\n<p>www.startuprio.rj.gov.br<br><\/p>\n\n\n\n<ul><li>Hor\u00e1rioDas 09h00 \u2013 11h35<\/li><\/ul>\n\n\n<p><!--EndFragment--><br>\n<br>\n<\/p>","protected":false},"excerpt":{"rendered":"<p>Agenda 09:00 \u2013 09:30 Credenciamento 09:00 \u2013 09:10 Sess\u00e3o de Abertura \u2013 Secretaria de Ci\u00eancia, Tecnologia e Inova\u00e7\u00e3o do Estado do Rio de Janeiro 09:10 \u201cAprendendo<span class=\"excerpt-hellip\"> [\u2026]<\/span><\/p>\n","protected":false},"author":1,"featured_media":0,"parent":0,"menu_order":0,"comment_status":"closed","ping_status":"closed","template":"","meta":[],"_links":{"self":[{"href":"https:\/\/www.digitaltrees.org\/index.php\/wp-json\/wp\/v2\/pages\/1087"}],"collection":[{"href":"https:\/\/www.digitaltrees.org\/index.php\/wp-json\/wp\/v2\/pages"}],"about":[{"href":"https:\/\/www.digitaltrees.org\/index.php\/wp-json\/wp\/v2\/types\/page"}],"author":[{"embeddable":true,"href":"https:\/\/www.digitaltrees.org\/index.php\/wp-json\/wp\/v2\/users\/1"}],"replies":[{"embeddable":true,"href":"https:\/\/www.digitaltrees.org\/index.php\/wp-json\/wp\/v2\/comments?post=1087"}],"version-history":[{"count":1,"href":"https:\/\/www.digitaltrees.org\/index.php\/wp-json\/wp\/v2\/pages\/1087\/revisions"}],"predecessor-version":[{"id":1088,"href":"https:\/\/www.digitaltrees.org\/index.php\/wp-json\/wp\/v2\/pages\/1087\/revisions\/1088"}],"wp:attachment":[{"href":"https:\/\/www.digitaltrees.org\/index.php\/wp-json\/wp\/v2\/media?parent=1087"}],"curies":[{"name":"wp","href":"https:\/\/api.w.org\/{rel}","templated":true}]}}