{"id":1085,"date":"2019-04-06T12:07:45","date_gmt":"2019-04-06T12:07:45","guid":{"rendered":"https:\/\/www.digitaltrees.org\/?page_id=1085"},"modified":"2019-04-06T12:07:47","modified_gmt":"2019-04-06T12:07:47","slug":"evento-sp-10-04","status":"publish","type":"page","link":"https:\/\/www.digitaltrees.org\/index.php\/evento-sp-10-04\/","title":{"rendered":"Evento SP &#8211; 10\/04"},"content":{"rendered":"\n<figure class=\"wp-block-image\"><img loading=\"lazy\" width=\"1024\" height=\"576\" src=\"https:\/\/www.digitaltrees.org\/wp-content\/uploads\/2019\/04\/Convite-Quidgest-10-04-2019-1024x576.jpg\" alt=\"\" class=\"wp-image-1078\" srcset=\"https:\/\/www.digitaltrees.org\/wp-content\/uploads\/2019\/04\/Convite-Quidgest-10-04-2019-1024x576.jpg 1024w, https:\/\/www.digitaltrees.org\/wp-content\/uploads\/2019\/04\/Convite-Quidgest-10-04-2019-300x169.jpg 300w, https:\/\/www.digitaltrees.org\/wp-content\/uploads\/2019\/04\/Convite-Quidgest-10-04-2019-768x432.jpg 768w, https:\/\/www.digitaltrees.org\/wp-content\/uploads\/2019\/04\/Convite-Quidgest-10-04-2019-260x146.jpg 260w, https:\/\/www.digitaltrees.org\/wp-content\/uploads\/2019\/04\/Convite-Quidgest-10-04-2019-50x28.jpg 50w, https:\/\/www.digitaltrees.org\/wp-content\/uploads\/2019\/04\/Convite-Quidgest-10-04-2019-133x75.jpg 133w, https:\/\/www.digitaltrees.org\/wp-content\/uploads\/2019\/04\/Convite-Quidgest-10-04-2019.jpg 1280w, https:\/\/www.digitaltrees.org\/wp-content\/uploads\/2019\/04\/Convite-Quidgest-10-04-2019-1200x675.jpg 1200w\" sizes=\"(max-width: 1024px) 100vw, 1024px\" \/><\/figure>\n\n\n\n<figure class=\"wp-block-image\"><img loading=\"lazy\" width=\"1024\" height=\"576\" src=\"https:\/\/www.digitaltrees.org\/wp-content\/uploads\/2019\/04\/Convite-Quidgest-2-10-04-2019-1024x576.jpg\" alt=\"\" class=\"wp-image-1079\" srcset=\"https:\/\/www.digitaltrees.org\/wp-content\/uploads\/2019\/04\/Convite-Quidgest-2-10-04-2019-1024x576.jpg 1024w, https:\/\/www.digitaltrees.org\/wp-content\/uploads\/2019\/04\/Convite-Quidgest-2-10-04-2019-300x169.jpg 300w, https:\/\/www.digitaltrees.org\/wp-content\/uploads\/2019\/04\/Convite-Quidgest-2-10-04-2019-768x432.jpg 768w, https:\/\/www.digitaltrees.org\/wp-content\/uploads\/2019\/04\/Convite-Quidgest-2-10-04-2019-260x146.jpg 260w, https:\/\/www.digitaltrees.org\/wp-content\/uploads\/2019\/04\/Convite-Quidgest-2-10-04-2019-50x28.jpg 50w, https:\/\/www.digitaltrees.org\/wp-content\/uploads\/2019\/04\/Convite-Quidgest-2-10-04-2019-133x75.jpg 133w, https:\/\/www.digitaltrees.org\/wp-content\/uploads\/2019\/04\/Convite-Quidgest-2-10-04-2019.jpg 1280w, https:\/\/www.digitaltrees.org\/wp-content\/uploads\/2019\/04\/Convite-Quidgest-2-10-04-2019-1200x675.jpg 1200w\" sizes=\"(max-width: 1024px) 100vw, 1024px\" \/><\/figure>\n\n\n<p><br>\n<br>\n<!--StartFragment--><\/p>\n\n\n<p><strong>Agenda<\/strong><\/p>\n\n\n\n<p>08:30 \u2013 09:00: Credenciamento<\/p>\n\n\n\n<p>09:00 \u2013 09:15: Sess\u00e3o de Abertura<\/p>\n\n\n\n<ul><li>Dr. Paulo Jorge Pereira Nascimento \u2013 C\u00f4nsul Geral de Portugal no Brasil<\/li><li>Dr. Fernando Carvalho \u2013 Diretor da Ag\u00eancia para o investimento e Com\u00e9rcio Externo de Portugal em S\u00e3o Paulo e Conselheiro Econ\u00f3mico e Comercial na Embaixada de Portugal no Brasil<\/li><\/ul>\n\n\n\n<p>09:15: \u201cAprendendo com a Experi\u00eancia Europeia \u2013 respondendo aos desafios da prote\u00e7\u00e3o de dados\u201d<\/p>\n\n\n\n<ul><li>Maria Sofia Martins \u2013 Consultora de Neg\u00f3cios Internacionais e Respons\u00e1vel Comercial da Quidgest no Brasil<\/li><\/ul>\n\n\n\n<p>09:45: \u201cUma estrat\u00e9gia eficiente para a conformidade\u201d<\/p>\n\n\n\n<ul><li>Celso R. Breve \u2013 Co-Fundador do Intituto CIO, com mais de 15 anos de experi\u00eancia como Executivo de TI.<\/li><\/ul>\n\n\n\n<p>10:45: Coffee break e Networking<\/p>\n\n\n\n<p>11:00: \u201cTecnologia ao servi\u00e7o da prote\u00e7\u00e3o de dados\u201d<\/p>\n\n\n\n<ul><li>Beatriz Bagoin Guimar\u00e3es \u2013 Coordenadora da \u00e1rea de Sistemas de Gest\u00e3o de Informa\u00e7\u00e3o e Processos de Neg\u00f3cio da Quidgest<\/li><\/ul>\n\n\n\n<p>12:00: Interven\u00e7\u00e3o da Pinheiro Neto \u2013 #orador a confirmar<\/p>\n\n\n\n<p>12:30:Encerramento<\/p>\n\n\n\n<p>Fa\u00e7a o seu registo&nbsp;<a href=\"https:\/\/forms.gle\/aCKR66VvQAwqmGjq5\" target=\"_blank\" rel=\"noreferrer noopener\"><strong>AQUI<\/strong>.<\/a><\/p>\n\n\n\n<figure class=\"wp-block-image is-resized\"><img loading=\"lazy\" src=\"https:\/\/www.digitaltrees.org\/wp-content\/uploads\/2018\/05\/Logo-DigitalTress-1.png\" alt=\"\" class=\"wp-image-173\" width=\"127\" height=\"56\" srcset=\"https:\/\/www.digitaltrees.org\/wp-content\/uploads\/2018\/05\/Logo-DigitalTress-1.png 202w, https:\/\/www.digitaltrees.org\/wp-content\/uploads\/2018\/05\/Logo-DigitalTress-1-200x89.png 200w, https:\/\/www.digitaltrees.org\/wp-content\/uploads\/2018\/05\/Logo-DigitalTress-1-50x22.png 50w, https:\/\/www.digitaltrees.org\/wp-content\/uploads\/2018\/05\/Logo-DigitalTress-1-150x66.png 150w\" sizes=\"(max-width: 127px) 100vw, 127px\" \/><\/figure>\n\n\n\n<p>Este evento conta com o apoio dos parceiros estrat\u00e9gicos Digital Trees, empresa voltada para a cria\u00e7\u00e3o e fortalecimento de pontes e neg\u00f3cios no campo daInova\u00e7\u00e3o Tecnol\u00f3gica,&nbsp;Educa\u00e7\u00e3o&nbsp;e&nbsp;Projetos Sociais e bra\u00e7o direito da Quidgest no mercado Iberoamericano.<\/p>\n\n\n\n<h3>INFORMA\u00c7\u00d5ES GERAIS<\/h3>\n\n\n\n<ul><li>Data10 de abril 2019<\/li><li>Local: <a rel=\"noreferrer noopener\" href=\"https:\/\/goo.gl\/maps\/sNtGaTdJ4s92\" target=\"_blank\">Consulado Geral de Portugal em S\u00e3o Paulo<\/a><\/li><li>Hor\u00e1rioDas 08h30 \u2013 12h30<\/li><\/ul>\n\n\n<p><!--EndFragment--><br>\n<br>\n<\/p>","protected":false},"excerpt":{"rendered":"<p>Agenda 08:30 \u2013 09:00: Credenciamento 09:00 \u2013 09:15: Sess\u00e3o de Abertura Dr. Paulo Jorge Pereira Nascimento \u2013 C\u00f4nsul Geral de Portugal no Brasil Dr. Fernando Carvalho<span class=\"excerpt-hellip\"> [\u2026]<\/span><\/p>\n","protected":false},"author":1,"featured_media":0,"parent":0,"menu_order":0,"comment_status":"closed","ping_status":"closed","template":"","meta":[],"_links":{"self":[{"href":"https:\/\/www.digitaltrees.org\/index.php\/wp-json\/wp\/v2\/pages\/1085"}],"collection":[{"href":"https:\/\/www.digitaltrees.org\/index.php\/wp-json\/wp\/v2\/pages"}],"about":[{"href":"https:\/\/www.digitaltrees.org\/index.php\/wp-json\/wp\/v2\/types\/page"}],"author":[{"embeddable":true,"href":"https:\/\/www.digitaltrees.org\/index.php\/wp-json\/wp\/v2\/users\/1"}],"replies":[{"embeddable":true,"href":"https:\/\/www.digitaltrees.org\/index.php\/wp-json\/wp\/v2\/comments?post=1085"}],"version-history":[{"count":1,"href":"https:\/\/www.digitaltrees.org\/index.php\/wp-json\/wp\/v2\/pages\/1085\/revisions"}],"predecessor-version":[{"id":1086,"href":"https:\/\/www.digitaltrees.org\/index.php\/wp-json\/wp\/v2\/pages\/1085\/revisions\/1086"}],"wp:attachment":[{"href":"https:\/\/www.digitaltrees.org\/index.php\/wp-json\/wp\/v2\/media?parent=1085"}],"curies":[{"name":"wp","href":"https:\/\/api.w.org\/{rel}","templated":true}]}}