{"id":1069,"date":"2019-03-27T10:45:57","date_gmt":"2019-03-27T10:45:57","guid":{"rendered":"https:\/\/www.digitaltrees.org\/?page_id=1069"},"modified":"2019-04-06T12:22:49","modified_gmt":"2019-04-06T12:22:49","slug":"1069-2","status":"publish","type":"page","link":"https:\/\/www.digitaltrees.org\/index.php\/1069-2\/","title":{"rendered":"Prote\u00e7\u00e3o de Dados"},"content":{"rendered":"\n<h3> <br>Prote\u00e7\u00e3o de Dados <\/h3>\n\n\n\n<figure class=\"wp-block-image is-resized\"><img loading=\"lazy\" src=\"https:\/\/www.digitaltrees.org\/wp-content\/uploads\/2019\/04\/Imagem_linkedin-RJ.jpg\" alt=\"\" class=\"wp-image-1080\" width=\"422\" height=\"219\" srcset=\"https:\/\/www.digitaltrees.org\/wp-content\/uploads\/2019\/04\/Imagem_linkedin-RJ-300x157.jpg 300w, https:\/\/www.digitaltrees.org\/wp-content\/uploads\/2019\/04\/Imagem_linkedin-RJ-260x136.jpg 260w, https:\/\/www.digitaltrees.org\/wp-content\/uploads\/2019\/04\/Imagem_linkedin-RJ-50x26.jpg 50w, https:\/\/www.digitaltrees.org\/wp-content\/uploads\/2019\/04\/Imagem_linkedin-RJ-143x75.jpg 143w\" sizes=\"(max-width: 422px) 100vw, 422px\" \/><\/figure>\n\n\n\n<figure class=\"wp-block-image is-resized\"><img loading=\"lazy\" src=\"https:\/\/www.digitaltrees.org\/wp-content\/uploads\/2019\/03\/WhatsApp-Image-2019-03-26-at-16.33.11-1024x535.jpeg\" alt=\"\" class=\"wp-image-1068\" width=\"418\" height=\"218\"\/><\/figure>\n\n\n\n<p> Aprendendo com a experi\u00eancia europeia <\/p>\n\n\n\n<p>Convidamo-lo a estar presente no debate\u00a0<strong>Prote\u00e7\u00e3o de Dados \u2013 aprendendo com a experi\u00eancia europeia<\/strong>, que ter\u00e1 lugar no pr\u00f3ximo dia 10 de abril, pelas 09h00, no Consulado Geral de Portugal, em S\u00e3o Paulo, e no dia 12 de Abril, iniciando as 09h00, na Startup Rio, no Rio de Janeiro.<\/p>\n\n\n\n<p>A chegada da nova Lei Geral de Prote\u00e7\u00e3o de Dados (LGPD) em 2020, como resultado da influ\u00eancia do GDPR europeu, vai impor altera\u00e7\u00f5es significativas nas organiza\u00e7\u00f5es ao n\u00edvel da gest\u00e3o e tratamento de dados pessoais \u2013 seja de colaboradores ou de clientes -,&nbsp;bem como ao n\u00edvel do redesenho de processos e procedimentos internos que ter\u00e3o um impacto hol\u00edstico nas opera\u00e7\u00f5es. Estas&nbsp;quest\u00f5es t\u00eam sido debatidas nos \u00faltimos meses, no entanto, ainda se mant\u00eam algumas&nbsp; d\u00favidas: Quais os passos a dar? Como acelerar o processo de conformidade e garantir o cumprimento da lei sem consequ\u00eancias nefastas para o meu neg\u00f3cio?<\/p>\n\n\n\n<p>Tendo isto em conta, a Quidgest, multinacional pioneira na gest\u00e3o de prote\u00e7\u00e3o de dados na Europa, prop\u00f5e uma nova abordagem: em vez de focar o debate na lei em si, o foco dever\u00e1 estar na procura de uma resposta pr\u00e1tica e estrat\u00e9gica com base em casos reais europeus, aprendendo e replicando boas pr\u00e1ticas internacionais, entre elas, o uso de tecnologia de ponta para automa\u00e7\u00e3o de processos e otimiza\u00e7\u00e3o do papel das novas equipas de conformidade.<\/p>\n\n\n\n<p>Fruto de uma parceria estrat\u00e9gica com o&nbsp;<a href=\"https:\/\/linkprotect.cudasvc.com\/url?a=http%3a%2f%2fcioinstitute.com.br%2f&amp;c=E,1,dahBaV8OC1MgImCob0mYrvYpx1uN9vzQj9f5AryztNecEi49eW0Rlze3bqKxH0KODU5MV6qKUpfFz4l4gBu5gsikMgV7Ka9rdE2y73cbcVLIHmlnGw,,&amp;typo=1\" target=\"_blank\" rel=\"noreferrer noopener\">CIO Institute<\/a>, organiza\u00e7\u00e3o formada por executivos brasileiros de primeira linha, ser\u00e3o abordados v\u00e1rios temas, entre eles como dar o primeiro passo, o redesenho de processos e o papel do DPO (Data Protection Officer). Tudo isto sobre a perspetiva de casos reais de empresas europeias: como se prepararam, os erros que cometeram e as pr\u00e1ticas que implementaram.<\/p>\n\n\n\n<figure class=\"wp-block-image is-resized\"><img loading=\"lazy\" src=\"https:\/\/www.digitaltrees.org\/wp-content\/uploads\/2018\/05\/Logo-DigitalTress-1.png\" alt=\"\" class=\"wp-image-173\" width=\"127\" height=\"56\" srcset=\"https:\/\/www.digitaltrees.org\/wp-content\/uploads\/2018\/05\/Logo-DigitalTress-1.png 202w, https:\/\/www.digitaltrees.org\/wp-content\/uploads\/2018\/05\/Logo-DigitalTress-1-200x89.png 200w, https:\/\/www.digitaltrees.org\/wp-content\/uploads\/2018\/05\/Logo-DigitalTress-1-50x22.png 50w, https:\/\/www.digitaltrees.org\/wp-content\/uploads\/2018\/05\/Logo-DigitalTress-1-150x66.png 150w\" sizes=\"(max-width: 127px) 100vw, 127px\" \/><\/figure>\n\n\n\n<p>Este evento conta com o apoio dos parceiros estrat\u00e9gicos Digital Trees, empresa voltada para a cria\u00e7\u00e3o e fortalecimento de pontes e neg\u00f3cios no campo daInova\u00e7\u00e3o Tecnol\u00f3gica,&nbsp;Educa\u00e7\u00e3o&nbsp;e&nbsp;Projetos Sociais e bra\u00e7o direito da Quidgest no mercado Iberoamericano.<\/p>\n","protected":false},"excerpt":{"rendered":"<p>Prote\u00e7\u00e3o de Dados Aprendendo com a experi\u00eancia europeia Convidamo-lo a estar presente no debate\u00a0Prote\u00e7\u00e3o de Dados \u2013 aprendendo com a experi\u00eancia europeia, que ter\u00e1 lugar no<span class=\"excerpt-hellip\"> [\u2026]<\/span><\/p>\n","protected":false},"author":1,"featured_media":1068,"parent":0,"menu_order":0,"comment_status":"closed","ping_status":"closed","template":"","meta":[],"_links":{"self":[{"href":"https:\/\/www.digitaltrees.org\/index.php\/wp-json\/wp\/v2\/pages\/1069"}],"collection":[{"href":"https:\/\/www.digitaltrees.org\/index.php\/wp-json\/wp\/v2\/pages"}],"about":[{"href":"https:\/\/www.digitaltrees.org\/index.php\/wp-json\/wp\/v2\/types\/page"}],"author":[{"embeddable":true,"href":"https:\/\/www.digitaltrees.org\/index.php\/wp-json\/wp\/v2\/users\/1"}],"replies":[{"embeddable":true,"href":"https:\/\/www.digitaltrees.org\/index.php\/wp-json\/wp\/v2\/comments?post=1069"}],"version-history":[{"count":7,"href":"https:\/\/www.digitaltrees.org\/index.php\/wp-json\/wp\/v2\/pages\/1069\/revisions"}],"predecessor-version":[{"id":1092,"href":"https:\/\/www.digitaltrees.org\/index.php\/wp-json\/wp\/v2\/pages\/1069\/revisions\/1092"}],"wp:featuredmedia":[{"embeddable":true,"href":"https:\/\/www.digitaltrees.org\/index.php\/wp-json\/wp\/v2\/media\/1068"}],"wp:attachment":[{"href":"https:\/\/www.digitaltrees.org\/index.php\/wp-json\/wp\/v2\/media?parent=1069"}],"curies":[{"name":"wp","href":"https:\/\/api.w.org\/{rel}","templated":true}]}}